{"id":17064,"date":"2024-11-02T17:25:14","date_gmt":"2024-11-02T17:25:14","guid":{"rendered":"https:\/\/www.importadoramundialferretera.com\/Inicio\/?post_type=product&#038;p=17064"},"modified":"2025-07-08T19:08:53","modified_gmt":"2025-07-08T19:08:53","slug":"manguera-de-fumigacion-amarilla-5-capas","status":"publish","type":"product","link":"https:\/\/www.importadoramundialferretera.com\/Inicio\/product\/manguera-de-fumigacion-amarilla-5-capas\/","title":{"rendered":"MANGUERA DE FUMIGACION AMARILLA 5 CAPAS"},"content":{"rendered":"<p><strong>Construcci\u00f3n:<\/strong><br \/>\nTubo: PVC<br \/>\nRefuerzo: 1 o 2 capas de fibra de poli\u00e9ster de alta resistencia a la tracci\u00f3n<br \/>\nCubierta: PVC, anti-UV, antienvejecimiento<br \/>\n<strong>Aplicaci\u00f3n:<\/strong><br \/>\nEn la agricultura, la manguera de pulverizaci\u00f3n de PVC de alta presi\u00f3n se usa para pulverizar pesticidas, MANGUERA DE PULVERIZACI\u00d3N DE ALTA PRESI\u00d3N DE 5 CAPAS<\/p>\n<p>\u00abFungicida, soluci\u00f3n fertilizante.<br \/>\n<strong>Caracter\u00edsticas:<\/strong><br \/>\n\u2022 Fabricado con materiales de PVC resistentes<br \/>\n\u2022 Trenzado de poli\u00e9ster de alta resistencia<br \/>\n\u2022 Ligero, flexible, duradero, antierosi\u00f3n<br \/>\n\u2022 Buena flexibilidad y no se enrosca.<br \/>\nTemperatura:<br \/>\n-10 \u00b0C (-50 \u00b0F) a 65 \u00b0C +150 \u00b0F<\/p>\n","protected":false},"excerpt":{"rendered":"<p><strong>Aplicaci\u00f3n:<\/strong><br \/>\nEn la agricultura, la manguera de pulverizaci\u00f3n de PVC de alta presi\u00f3n se usa para pulverizar pesticidas, MANGUERA DE <strong><span style=\"color: #003366;\">PULVERIZACI\u00d3N DE ALTA PRESI\u00d3N DE 5 CAPAS.<\/span><\/strong><\/p>\n","protected":false},"featured_media":17065,"comment_status":"open","ping_status":"closed","template":"","meta":{"_joinchat":[]},"product_brand":[],"product_cat":[127],"product_tag":[],"class_list":{"0":"post-17064","1":"product","2":"type-product","3":"status-publish","4":"has-post-thumbnail","6":"product_cat-mangueras","8":"first","9":"outofstock","10":"shipping-taxable","11":"purchasable","12":"product-type-simple","13":"add-to-wishlist-after_add_to_cart"},"_links":{"self":[{"href":"https:\/\/www.importadoramundialferretera.com\/Inicio\/wp-json\/wp\/v2\/product\/17064","targetHints":{"allow":["GET"]}}],"collection":[{"href":"https:\/\/www.importadoramundialferretera.com\/Inicio\/wp-json\/wp\/v2\/product"}],"about":[{"href":"https:\/\/www.importadoramundialferretera.com\/Inicio\/wp-json\/wp\/v2\/types\/product"}],"replies":[{"embeddable":true,"href":"https:\/\/www.importadoramundialferretera.com\/Inicio\/wp-json\/wp\/v2\/comments?post=17064"}],"version-history":[{"count":2,"href":"https:\/\/www.importadoramundialferretera.com\/Inicio\/wp-json\/wp\/v2\/product\/17064\/revisions"}],"predecessor-version":[{"id":17067,"href":"https:\/\/www.importadoramundialferretera.com\/Inicio\/wp-json\/wp\/v2\/product\/17064\/revisions\/17067"}],"wp:featuredmedia":[{"embeddable":true,"href":"https:\/\/www.importadoramundialferretera.com\/Inicio\/wp-json\/wp\/v2\/media\/17065"}],"wp:attachment":[{"href":"https:\/\/www.importadoramundialferretera.com\/Inicio\/wp-json\/wp\/v2\/media?parent=17064"}],"wp:term":[{"taxonomy":"product_brand","embeddable":true,"href":"https:\/\/www.importadoramundialferretera.com\/Inicio\/wp-json\/wp\/v2\/product_brand?post=17064"},{"taxonomy":"product_cat","embeddable":true,"href":"https:\/\/www.importadoramundialferretera.com\/Inicio\/wp-json\/wp\/v2\/product_cat?post=17064"},{"taxonomy":"product_tag","embeddable":true,"href":"https:\/\/www.importadoramundialferretera.com\/Inicio\/wp-json\/wp\/v2\/product_tag?post=17064"}],"curies":[{"name":"wp","href":"https:\/\/api.w.org\/{rel}","templated":true}]}}