{"id":17016,"date":"2024-10-31T13:53:57","date_gmt":"2024-10-31T13:53:57","guid":{"rendered":"https:\/\/www.importadoramundialferretera.com\/Inicio\/?post_type=product&#038;p=17016"},"modified":"2025-07-08T19:08:54","modified_gmt":"2025-07-08T19:08:54","slug":"cadena-eslabonada-galvanizad-gr-30-1-8x100m","status":"publish","type":"product","link":"https:\/\/www.importadoramundialferretera.com\/Inicio\/product\/cadena-eslabonada-galvanizad-gr-30-1-8x100m\/","title":{"rendered":"CADENA ESLABONADA GALVANIZADO GR.30 1\/8&#8243;x100M"},"content":{"rendered":"<p>Fabricadas con acero de bajo carbono para tales aplicaciones como: Construcci\u00f3n, usos industriales, demarcaci\u00f3n de \u00e1reas, seguridad, amarre, fabricaci\u00f3n de garruchas, carrocer\u00edas, sistemas de compensaci\u00f3n de peso, colgar l\u00e1mparas, materas y prop\u00f3sitos generales diferentes al elevamiento a\u00e9reo.<\/p>\n<h6>La carga se debe aplicar bajo tensi\u00f3n directa en proporci\u00f3n a la longitud en l\u00ednea recta no defectuosa de la cadena.<\/h6>\n<h6>Es importante tener en cuenta que las cadenas no aguantan TIRONES, ya que la fuerza incrementa.<\/h6>\n<h5>NO EXCEDER LA CARGA LIMITE DE TRABAJO<\/h5>\n<p>&nbsp;<\/p>\n","protected":false},"excerpt":{"rendered":"<pre>CADENA ESLABONADA GRADO 30 Galvanizado en Frio\r\nCalibre: 1\/8\"-3.30mm|\r\nAncho Int:6.0 mm |\r\nLargo Interno 23.0 mm| \r\nPeso x metro:0.19|\r\nPeso Rollo 19 KG<\/pre>\n","protected":false},"featured_media":17017,"comment_status":"open","ping_status":"closed","template":"","meta":{"_joinchat":{"telephone":"+573108086070"}},"product_brand":[],"product_cat":[157],"product_tag":[254],"class_list":{"0":"post-17016","1":"product","2":"type-product","3":"status-publish","4":"has-post-thumbnail","6":"product_cat-cadena","7":"product_tag-cd-036","9":"first","10":"instock","11":"shipping-taxable","12":"purchasable","13":"product-type-simple","14":"add-to-wishlist-after_add_to_cart"},"_links":{"self":[{"href":"https:\/\/www.importadoramundialferretera.com\/Inicio\/wp-json\/wp\/v2\/product\/17016","targetHints":{"allow":["GET"]}}],"collection":[{"href":"https:\/\/www.importadoramundialferretera.com\/Inicio\/wp-json\/wp\/v2\/product"}],"about":[{"href":"https:\/\/www.importadoramundialferretera.com\/Inicio\/wp-json\/wp\/v2\/types\/product"}],"replies":[{"embeddable":true,"href":"https:\/\/www.importadoramundialferretera.com\/Inicio\/wp-json\/wp\/v2\/comments?post=17016"}],"version-history":[{"count":5,"href":"https:\/\/www.importadoramundialferretera.com\/Inicio\/wp-json\/wp\/v2\/product\/17016\/revisions"}],"predecessor-version":[{"id":17019,"href":"https:\/\/www.importadoramundialferretera.com\/Inicio\/wp-json\/wp\/v2\/product\/17016\/revisions\/17019"}],"wp:featuredmedia":[{"embeddable":true,"href":"https:\/\/www.importadoramundialferretera.com\/Inicio\/wp-json\/wp\/v2\/media\/17017"}],"wp:attachment":[{"href":"https:\/\/www.importadoramundialferretera.com\/Inicio\/wp-json\/wp\/v2\/media?parent=17016"}],"wp:term":[{"taxonomy":"product_brand","embeddable":true,"href":"https:\/\/www.importadoramundialferretera.com\/Inicio\/wp-json\/wp\/v2\/product_brand?post=17016"},{"taxonomy":"product_cat","embeddable":true,"href":"https:\/\/www.importadoramundialferretera.com\/Inicio\/wp-json\/wp\/v2\/product_cat?post=17016"},{"taxonomy":"product_tag","embeddable":true,"href":"https:\/\/www.importadoramundialferretera.com\/Inicio\/wp-json\/wp\/v2\/product_tag?post=17016"}],"curies":[{"name":"wp","href":"https:\/\/api.w.org\/{rel}","templated":true}]}}