{"id":16513,"date":"2024-09-27T16:42:09","date_gmt":"2024-09-27T16:42:09","guid":{"rendered":"https:\/\/www.importadoramundialferretera.com\/Inicio\/?post_type=product&#038;p=16513"},"modified":"2024-09-27T16:42:10","modified_gmt":"2024-09-27T16:42:10","slug":"planta-electrica-warrior-gasolina-6kw-110-220v-1f-fg6500e","status":"publish","type":"product","link":"https:\/\/www.importadoramundialferretera.com\/Inicio\/product\/planta-electrica-warrior-gasolina-6kw-110-220v-1f-fg6500e\/","title":{"rendered":"PLANTA ELECTRICA WARRIOR GASOLINA 6KW 110\/220V 1F FG6500E"},"content":{"rendered":"<h2>Descripci\u00f3n<\/h2>\n<p><strong>Potencia:<\/strong>\u00a013HP<br \/>\n<strong>Peso:<\/strong>\u00a080Kg<br \/>\n<strong>Marca motor:<\/strong>\u00a0WARRIOR GASOLINA<br \/>\n<strong>Dimensiones (LxLAnxAl) cm:<\/strong>\u00a073x56x59<br \/>\n<strong>Arranque:<\/strong>\u00a0Manual\/El\u00e9ctrico<br \/>\n<strong>Potencia Max:<\/strong>\u00a06kW<br \/>\n<strong>Voltaje:<\/strong>\u00a0AC 120\/240\/12VDC<br \/>\n<strong>Fases:<\/strong>\u00a01<br \/>\n<strong>Frecuencia:<\/strong>\u00a060<br \/>\n<strong>Pot. Continua:<\/strong>\u00a05.5kW<br \/>\n<strong>Tomas DC:<\/strong>\u00a01<br \/>\n<b>Bater\u00eda:<\/b>\u00a0si<br \/>\n<strong>Alarma aceite:<\/strong>\u00a0Si<br \/>\n<strong>Tomas AC:<\/strong>\u00a04\/120, 1\/240<br \/>\n<strong>Nivel Combustible:<\/strong>\u00a0Si<br \/>\n<strong>AVR:<\/strong>\u00a0Si<br \/>\n<strong>Breaker Protector AC:<\/strong>\u00a0Si<br \/>\n<strong>Voltimetro:<\/strong>\u00a0Si<br \/>\n<strong>Mofle silencioso:<\/strong>\u00a0Si<br \/>\n<strong>Kit de ruedas:<\/strong>\u00a0Si<\/p>\n","protected":false},"excerpt":{"rendered":"<p>Planta El\u00e9ctrica Gasolina Warrior 6 KW \u2013 110V\/220V FG6500E, generador port\u00e1til con potencia de 6 KW (6.000 Vatios). Ideal para uso eventual o continuo (4 hrs) en zonas donde es irregular o nula la corriente el\u00e9ctrica, su portabilidad facilita la alimentaci\u00f3n para cualquier equipo el\u00e9ctrico que cumpla con los consumos de vatios requeridos.<\/p>\n","protected":false},"featured_media":16372,"comment_status":"open","ping_status":"closed","template":"","meta":{"_joinchat":[]},"product_brand":[],"product_cat":[70,250,251],"product_tag":[],"class_list":{"0":"post-16513","1":"product","2":"type-product","3":"status-publish","4":"has-post-thumbnail","6":"product_cat-agro","7":"product_cat-coindustrial","8":"product_cat-plantas","10":"first","11":"instock","12":"shipping-taxable","13":"product-type-simple","14":"add-to-wishlist-after_add_to_cart"},"_links":{"self":[{"href":"https:\/\/www.importadoramundialferretera.com\/Inicio\/wp-json\/wp\/v2\/product\/16513","targetHints":{"allow":["GET"]}}],"collection":[{"href":"https:\/\/www.importadoramundialferretera.com\/Inicio\/wp-json\/wp\/v2\/product"}],"about":[{"href":"https:\/\/www.importadoramundialferretera.com\/Inicio\/wp-json\/wp\/v2\/types\/product"}],"replies":[{"embeddable":true,"href":"https:\/\/www.importadoramundialferretera.com\/Inicio\/wp-json\/wp\/v2\/comments?post=16513"}],"version-history":[{"count":1,"href":"https:\/\/www.importadoramundialferretera.com\/Inicio\/wp-json\/wp\/v2\/product\/16513\/revisions"}],"predecessor-version":[{"id":16515,"href":"https:\/\/www.importadoramundialferretera.com\/Inicio\/wp-json\/wp\/v2\/product\/16513\/revisions\/16515"}],"wp:featuredmedia":[{"embeddable":true,"href":"https:\/\/www.importadoramundialferretera.com\/Inicio\/wp-json\/wp\/v2\/media\/16372"}],"wp:attachment":[{"href":"https:\/\/www.importadoramundialferretera.com\/Inicio\/wp-json\/wp\/v2\/media?parent=16513"}],"wp:term":[{"taxonomy":"product_brand","embeddable":true,"href":"https:\/\/www.importadoramundialferretera.com\/Inicio\/wp-json\/wp\/v2\/product_brand?post=16513"},{"taxonomy":"product_cat","embeddable":true,"href":"https:\/\/www.importadoramundialferretera.com\/Inicio\/wp-json\/wp\/v2\/product_cat?post=16513"},{"taxonomy":"product_tag","embeddable":true,"href":"https:\/\/www.importadoramundialferretera.com\/Inicio\/wp-json\/wp\/v2\/product_tag?post=16513"}],"curies":[{"name":"wp","href":"https:\/\/api.w.org\/{rel}","templated":true}]}}