{"id":16510,"date":"2024-09-27T15:49:42","date_gmt":"2024-09-27T15:49:42","guid":{"rendered":"https:\/\/www.importadoramundialferretera.com\/Inicio\/?post_type=product&#038;p=16510"},"modified":"2024-09-27T16:44:25","modified_gmt":"2024-09-27T16:44:25","slug":"planta-electrica-warrior-3-3kw-110-220v-1f-fg3500","status":"publish","type":"product","link":"https:\/\/www.importadoramundialferretera.com\/Inicio\/product\/planta-electrica-warrior-3-3kw-110-220v-1f-fg3500\/","title":{"rendered":"PLANTA ELECTRICA WARRIOR GASOLINA 3.3KW 110\/220V 1F FG3500"},"content":{"rendered":"<h2>Descripci\u00f3n<\/h2>\n<ul>\n<li><strong>Potencia:\u00a0<\/strong>7.0 HP<\/li>\n<li><strong>Kit de ruedas:<\/strong>\u00a0Si<\/li>\n<li><strong>Peso:<\/strong>\u00a045 Kg<\/li>\n<li><strong>Arranque:<\/strong>\u00a0manual<\/li>\n<li><strong>Marca motor:<\/strong>\u00a0WARRIOR GASOLINA<\/li>\n<li><b>Autonom\u00eda<\/b><strong>\u00a0a plena carga :<\/strong>\u00a08.8h<\/li>\n<li><strong>Dimensiones (LxLAnxAl) cm:<\/strong>\u00a062X49X51<\/li>\n<li><strong>Capacidad tanque:<\/strong>\u00a016L<\/li>\n<li><strong>Potencia Max:<\/strong>\u00a03.3 kW<\/li>\n<li><strong>Voltaje:<\/strong>\u00a0AC 120\/240\/12DC<\/li>\n<li><strong>Fases:<\/strong>\u00a01F<\/li>\n<li><strong>Frecuencia:<\/strong>\u00a060 Hz<\/li>\n<li><strong>Potencia Continua:<\/strong>\u00a03 kW<\/li>\n<li><strong>Tomas:<\/strong>\u00a0DC 1<\/li>\n<li><strong>Alarma aceite:<\/strong>\u00a0Si<\/li>\n<li><strong>Nivel Combustible:<\/strong>\u00a0Si<\/li>\n<li><strong>Tomas AC:<\/strong>\u00a02\/120, 1\/240<\/li>\n<li><strong>AVR:<\/strong>\u00a0Regulaci\u00f3n Autom\u00e1tica de Voltaje<\/li>\n<li><strong>Breaker Protector AC:<\/strong>\u00a0Si<\/li>\n<li><b>Volt\u00edmetro<\/b><strong>:<\/strong>\u00a0Si<\/li>\n<li><strong>Mofle silencioso:<\/strong>\u00a0Si<\/li>\n<\/ul>\n","protected":false},"excerpt":{"rendered":"<p>Planta El\u00e9ctrica Gasolina Warrior FG3500 3.3 KW \u2013 110V\/220V AVR, generador port\u00e1til con potencia de 3.3 KW (3.300 Vatios). Ideal para uso eventual o continuo (4 hrs) en zonas donde es irregular o nula la corriente el\u00e9ctrica, su portabilidad facilita la alimentaci\u00f3n para cualquier equipo el\u00e9ctrico que cumpla con los consumos de vatios requeridos.<\/p>\n","protected":false},"featured_media":16371,"comment_status":"open","ping_status":"closed","template":"","meta":{"_joinchat":[]},"product_brand":[],"product_cat":[70,250,251],"product_tag":[],"class_list":{"0":"post-16510","1":"product","2":"type-product","3":"status-publish","4":"has-post-thumbnail","6":"product_cat-agro","7":"product_cat-coindustrial","8":"product_cat-plantas","10":"first","11":"instock","12":"shipping-taxable","13":"product-type-simple","14":"add-to-wishlist-after_add_to_cart"},"_links":{"self":[{"href":"https:\/\/www.importadoramundialferretera.com\/Inicio\/wp-json\/wp\/v2\/product\/16510","targetHints":{"allow":["GET"]}}],"collection":[{"href":"https:\/\/www.importadoramundialferretera.com\/Inicio\/wp-json\/wp\/v2\/product"}],"about":[{"href":"https:\/\/www.importadoramundialferretera.com\/Inicio\/wp-json\/wp\/v2\/types\/product"}],"replies":[{"embeddable":true,"href":"https:\/\/www.importadoramundialferretera.com\/Inicio\/wp-json\/wp\/v2\/comments?post=16510"}],"version-history":[{"count":2,"href":"https:\/\/www.importadoramundialferretera.com\/Inicio\/wp-json\/wp\/v2\/product\/16510\/revisions"}],"predecessor-version":[{"id":16516,"href":"https:\/\/www.importadoramundialferretera.com\/Inicio\/wp-json\/wp\/v2\/product\/16510\/revisions\/16516"}],"wp:featuredmedia":[{"embeddable":true,"href":"https:\/\/www.importadoramundialferretera.com\/Inicio\/wp-json\/wp\/v2\/media\/16371"}],"wp:attachment":[{"href":"https:\/\/www.importadoramundialferretera.com\/Inicio\/wp-json\/wp\/v2\/media?parent=16510"}],"wp:term":[{"taxonomy":"product_brand","embeddable":true,"href":"https:\/\/www.importadoramundialferretera.com\/Inicio\/wp-json\/wp\/v2\/product_brand?post=16510"},{"taxonomy":"product_cat","embeddable":true,"href":"https:\/\/www.importadoramundialferretera.com\/Inicio\/wp-json\/wp\/v2\/product_cat?post=16510"},{"taxonomy":"product_tag","embeddable":true,"href":"https:\/\/www.importadoramundialferretera.com\/Inicio\/wp-json\/wp\/v2\/product_tag?post=16510"}],"curies":[{"name":"wp","href":"https:\/\/api.w.org\/{rel}","templated":true}]}}