{"id":16503,"date":"2024-09-24T15:46:56","date_gmt":"2024-09-24T15:46:56","guid":{"rendered":"https:\/\/www.importadoramundialferretera.com\/Inicio\/?post_type=product&#038;p=16503"},"modified":"2024-09-24T15:46:56","modified_gmt":"2024-09-24T15:46:56","slug":"motor-diesel-de-10hp-ecohorse-kd186fap1-2","status":"publish","type":"product","link":"https:\/\/www.importadoramundialferretera.com\/Inicio\/product\/motor-diesel-de-10hp-ecohorse-kd186fap1-2\/","title":{"rendered":"MOTOR DIESEL DE 10HP- ECOHORSE &#8211; KD186FAP1-2"},"content":{"rendered":"<p>El motor \u00a0di\u00e9sel ECOHORSE KD192FP1-2 \u00a0es de 14hp de potencia. Es un motor de f\u00e1cil mantenimiento y gran durabilidad. Tienen un eje rosca\/cu\u00f1a de 1&#8243; de di\u00e1metro, arranque manual retr\u00e1ctil, doble filtro de aire, tecnolog\u00eda OHV, rodamiento de bolas robusto en el lado toma fuerza. Ideal para maquinaria agr\u00edcola y de construcci\u00f3n liviana, hidrolavadoras y bombas para miner\u00eda artesanal. Es una versi\u00f3n econ\u00f3mica.<\/p>\n","protected":false},"excerpt":{"rendered":"<p>Motor di\u00e9sel ECOHORSE KD192FP1-2 de 14hp es ideal para maquinaria agr\u00edcola y de construcci\u00f3n que requiere mas potencia.<\/p>\n","protected":false},"featured_media":16504,"comment_status":"open","ping_status":"closed","template":"","meta":{"_joinchat":[]},"product_brand":[],"product_cat":[70,250,253],"product_tag":[],"class_list":{"0":"post-16503","1":"product","2":"type-product","3":"status-publish","4":"has-post-thumbnail","6":"product_cat-agro","7":"product_cat-coindustrial","8":"product_cat-motores-a-combustion","10":"first","11":"instock","12":"shipping-taxable","13":"product-type-simple","14":"add-to-wishlist-after_add_to_cart"},"_links":{"self":[{"href":"https:\/\/www.importadoramundialferretera.com\/Inicio\/wp-json\/wp\/v2\/product\/16503","targetHints":{"allow":["GET"]}}],"collection":[{"href":"https:\/\/www.importadoramundialferretera.com\/Inicio\/wp-json\/wp\/v2\/product"}],"about":[{"href":"https:\/\/www.importadoramundialferretera.com\/Inicio\/wp-json\/wp\/v2\/types\/product"}],"replies":[{"embeddable":true,"href":"https:\/\/www.importadoramundialferretera.com\/Inicio\/wp-json\/wp\/v2\/comments?post=16503"}],"version-history":[{"count":1,"href":"https:\/\/www.importadoramundialferretera.com\/Inicio\/wp-json\/wp\/v2\/product\/16503\/revisions"}],"predecessor-version":[{"id":16506,"href":"https:\/\/www.importadoramundialferretera.com\/Inicio\/wp-json\/wp\/v2\/product\/16503\/revisions\/16506"}],"wp:featuredmedia":[{"embeddable":true,"href":"https:\/\/www.importadoramundialferretera.com\/Inicio\/wp-json\/wp\/v2\/media\/16504"}],"wp:attachment":[{"href":"https:\/\/www.importadoramundialferretera.com\/Inicio\/wp-json\/wp\/v2\/media?parent=16503"}],"wp:term":[{"taxonomy":"product_brand","embeddable":true,"href":"https:\/\/www.importadoramundialferretera.com\/Inicio\/wp-json\/wp\/v2\/product_brand?post=16503"},{"taxonomy":"product_cat","embeddable":true,"href":"https:\/\/www.importadoramundialferretera.com\/Inicio\/wp-json\/wp\/v2\/product_cat?post=16503"},{"taxonomy":"product_tag","embeddable":true,"href":"https:\/\/www.importadoramundialferretera.com\/Inicio\/wp-json\/wp\/v2\/product_tag?post=16503"}],"curies":[{"name":"wp","href":"https:\/\/api.w.org\/{rel}","templated":true}]}}