{"id":16459,"date":"2024-09-23T12:53:09","date_gmt":"2024-09-23T12:53:09","guid":{"rendered":"https:\/\/www.importadoramundialferretera.com\/Inicio\/?post_type=product&#038;p=16459"},"modified":"2024-09-23T12:53:10","modified_gmt":"2024-09-23T12:53:10","slug":"motobomba-a-gasolina-autocebante-warrior-fp15","status":"publish","type":"product","link":"https:\/\/www.importadoramundialferretera.com\/Inicio\/product\/motobomba-a-gasolina-autocebante-warrior-fp15\/","title":{"rendered":"MOTOBOMBA A GASOLINA AUTOCEBANTE WARRIOR FP15"},"content":{"rendered":"<p>La motobomba FP15 WARRIOR autocebante a gasolina, est\u00e1 equipada con un motor de 2.5hp y una bomba en aluminio que la hace liviana y f\u00e1cil de transportar. Tiene succi\u00f3n y descarga en 1.5&#8243;. Esta bomba da una cabeza m\u00e1xima de 17m y un caudal m\u00e1ximo de 133 LPM. Ideal para desag\u00fce en obras y en el campo.<\/p>\n","protected":false},"excerpt":{"rendered":"<p>La motobomba autocebante a gasolina WARRIOR, tiene motor de 2.5hp y bomba en aluminio que la hace liviana y f\u00e1cil de transportar.<\/p>\n","protected":false},"featured_media":16361,"comment_status":"open","ping_status":"closed","template":"","meta":{"_joinchat":[]},"product_brand":[],"product_cat":[70,250,252],"product_tag":[],"class_list":{"0":"post-16459","1":"product","2":"type-product","3":"status-publish","4":"has-post-thumbnail","6":"product_cat-agro","7":"product_cat-coindustrial","8":"product_cat-motobombas","10":"first","11":"instock","12":"shipping-taxable","13":"product-type-simple","14":"add-to-wishlist-after_add_to_cart"},"_links":{"self":[{"href":"https:\/\/www.importadoramundialferretera.com\/Inicio\/wp-json\/wp\/v2\/product\/16459","targetHints":{"allow":["GET"]}}],"collection":[{"href":"https:\/\/www.importadoramundialferretera.com\/Inicio\/wp-json\/wp\/v2\/product"}],"about":[{"href":"https:\/\/www.importadoramundialferretera.com\/Inicio\/wp-json\/wp\/v2\/types\/product"}],"replies":[{"embeddable":true,"href":"https:\/\/www.importadoramundialferretera.com\/Inicio\/wp-json\/wp\/v2\/comments?post=16459"}],"version-history":[{"count":1,"href":"https:\/\/www.importadoramundialferretera.com\/Inicio\/wp-json\/wp\/v2\/product\/16459\/revisions"}],"predecessor-version":[{"id":16461,"href":"https:\/\/www.importadoramundialferretera.com\/Inicio\/wp-json\/wp\/v2\/product\/16459\/revisions\/16461"}],"wp:featuredmedia":[{"embeddable":true,"href":"https:\/\/www.importadoramundialferretera.com\/Inicio\/wp-json\/wp\/v2\/media\/16361"}],"wp:attachment":[{"href":"https:\/\/www.importadoramundialferretera.com\/Inicio\/wp-json\/wp\/v2\/media?parent=16459"}],"wp:term":[{"taxonomy":"product_brand","embeddable":true,"href":"https:\/\/www.importadoramundialferretera.com\/Inicio\/wp-json\/wp\/v2\/product_brand?post=16459"},{"taxonomy":"product_cat","embeddable":true,"href":"https:\/\/www.importadoramundialferretera.com\/Inicio\/wp-json\/wp\/v2\/product_cat?post=16459"},{"taxonomy":"product_tag","embeddable":true,"href":"https:\/\/www.importadoramundialferretera.com\/Inicio\/wp-json\/wp\/v2\/product_tag?post=16459"}],"curies":[{"name":"wp","href":"https:\/\/api.w.org\/{rel}","templated":true}]}}