{"id":16385,"date":"2024-09-20T15:19:39","date_gmt":"2024-09-20T15:19:39","guid":{"rendered":"https:\/\/www.importadoramundialferretera.com\/Inicio\/?post_type=product&#038;p=16385"},"modified":"2024-09-20T15:19:39","modified_gmt":"2024-09-20T15:19:39","slug":"despulpadora-de-cafe-horizontal-dh-2-%c2%bd","status":"publish","type":"product","link":"https:\/\/www.importadoramundialferretera.com\/Inicio\/product\/despulpadora-de-cafe-horizontal-dh-2-%c2%bd\/","title":{"rendered":"DESPULPADORA DE CAFE HORIZONTAL DH-2 \u00bd"},"content":{"rendered":"<table width=\"372\">\n<tbody>\n<tr>\n<td width=\"182\">Modelo<\/td>\n<td width=\"190\">DH-2 1\/2<\/td>\n<\/tr>\n<tr>\n<td width=\"182\">Producci\u00f3n con motor<\/td>\n<td width=\"190\">300-400 kg de caf\u00e9 cereza por hora<\/td>\n<\/tr>\n<tr>\n<td width=\"182\">Potencia el\u00e9ctrica requerida<\/td>\n<td width=\"190\">0.5 HP<\/td>\n<\/tr>\n<tr>\n<td width=\"182\">Potencia motor a combusti\u00f3n<\/td>\n<td width=\"190\">6.5 HP<\/td>\n<\/tr>\n<tr>\n<td width=\"182\">Cilindro<\/td>\n<td width=\"190\">Hierro<\/td>\n<\/tr>\n<tr>\n<td width=\"182\">Camisa<\/td>\n<td width=\"190\">Cobre o Inox<\/td>\n<\/tr>\n<tr>\n<td width=\"182\">N\u00famero de chorros<\/td>\n<td width=\"190\">2<\/td>\n<\/tr>\n<tr>\n<td width=\"182\">Peso Neto<\/td>\n<td width=\"190\">34.5 kg<\/td>\n<\/tr>\n<\/tbody>\n<\/table>\n","protected":false},"excerpt":{"rendered":"<p><em>Eficiencia y durabilidad al alcance de todos<\/em><\/p>\n<p>Nuestros modelos tradicionales son amigables con el medio ambiente y despulpan el caf\u00e9 cereza maduro con la mejor eficiencia.<br \/>\nLas despulpadoras 2 1\/2 Penagos son m\u00e1quinas cuyos componentes principales como son, costados, pechero, cilindro volante y pi\u00f1ones del alimentador, son fabricadas en hierro gris, esta fundici\u00f3n hace que las despulpadoras sean muy resistentes a las condiciones ambientales y tengan una larga vida \u00fatil. Sus componentes son fabricados en equipos de \u00faltima generaci\u00f3n logrando ajustes precisos y garantizando un recambio de repuestos que facilita el mantenimiento de la m\u00e1quina.<\/p>\n<p>-M\u00e1ximo rendimiento por su alta eficiencia de despulpe.<br \/>\n-Despulpan sin usar agua.<br \/>\n-F\u00e1cil calibraci\u00f3n, mantenimiento y operaci\u00f3n.<br \/>\n-Posibilidad de operar de forma manual o con motor.<br \/>\n-Pintura con mayor durabilidad para exposici\u00f3n en ambientes corrosivos.<\/p>\n<p>*Base no incluida.<\/p>\n","protected":false},"featured_media":16352,"comment_status":"open","ping_status":"closed","template":"","meta":{"_joinchat":[]},"product_brand":[],"product_cat":[70,50],"product_tag":[],"class_list":{"0":"post-16385","1":"product","2":"type-product","3":"status-publish","4":"has-post-thumbnail","6":"product_cat-agro","7":"product_cat-penagos","9":"first","10":"instock","11":"shipping-taxable","12":"product-type-simple","13":"add-to-wishlist-after_add_to_cart"},"_links":{"self":[{"href":"https:\/\/www.importadoramundialferretera.com\/Inicio\/wp-json\/wp\/v2\/product\/16385","targetHints":{"allow":["GET"]}}],"collection":[{"href":"https:\/\/www.importadoramundialferretera.com\/Inicio\/wp-json\/wp\/v2\/product"}],"about":[{"href":"https:\/\/www.importadoramundialferretera.com\/Inicio\/wp-json\/wp\/v2\/types\/product"}],"replies":[{"embeddable":true,"href":"https:\/\/www.importadoramundialferretera.com\/Inicio\/wp-json\/wp\/v2\/comments?post=16385"}],"version-history":[{"count":1,"href":"https:\/\/www.importadoramundialferretera.com\/Inicio\/wp-json\/wp\/v2\/product\/16385\/revisions"}],"predecessor-version":[{"id":16387,"href":"https:\/\/www.importadoramundialferretera.com\/Inicio\/wp-json\/wp\/v2\/product\/16385\/revisions\/16387"}],"wp:featuredmedia":[{"embeddable":true,"href":"https:\/\/www.importadoramundialferretera.com\/Inicio\/wp-json\/wp\/v2\/media\/16352"}],"wp:attachment":[{"href":"https:\/\/www.importadoramundialferretera.com\/Inicio\/wp-json\/wp\/v2\/media?parent=16385"}],"wp:term":[{"taxonomy":"product_brand","embeddable":true,"href":"https:\/\/www.importadoramundialferretera.com\/Inicio\/wp-json\/wp\/v2\/product_brand?post=16385"},{"taxonomy":"product_cat","embeddable":true,"href":"https:\/\/www.importadoramundialferretera.com\/Inicio\/wp-json\/wp\/v2\/product_cat?post=16385"},{"taxonomy":"product_tag","embeddable":true,"href":"https:\/\/www.importadoramundialferretera.com\/Inicio\/wp-json\/wp\/v2\/product_tag?post=16385"}],"curies":[{"name":"wp","href":"https:\/\/api.w.org\/{rel}","templated":true}]}}