{"id":16381,"date":"2024-09-20T14:57:17","date_gmt":"2024-09-20T14:57:17","guid":{"rendered":"https:\/\/www.importadoramundialferretera.com\/Inicio\/?post_type=product&#038;p=16381"},"modified":"2024-09-20T14:59:38","modified_gmt":"2024-09-20T14:59:38","slug":"picapasto-pp-600-plus-solo-base-para-motor","status":"publish","type":"product","link":"https:\/\/www.importadoramundialferretera.com\/Inicio\/product\/picapasto-pp-600-plus-solo-base-para-motor\/","title":{"rendered":"PICAPASTO PP-600 PLUS SOLO BASE PARA MOTOR"},"content":{"rendered":"<table width=\"510\">\n<tbody>\n<tr>\n<td width=\"261\">Modelo<\/td>\n<td width=\"249\">PP-600 PLUS<\/td>\n<\/tr>\n<tr>\n<td width=\"261\">Producci\u00f3n forrajes kg\/h*<\/td>\n<td width=\"249\">1.000 \u2013 1.500<\/td>\n<\/tr>\n<tr>\n<td width=\"261\">N\u00famero de cuchillas<\/td>\n<td width=\"249\">4<\/td>\n<\/tr>\n<tr>\n<td width=\"261\">N\u00famero de contracuchillas<\/td>\n<td width=\"249\">1<\/td>\n<\/tr>\n<tr>\n<td width=\"261\">Revoluciones del rotor<\/td>\n<td width=\"249\">2500 RPM<\/td>\n<\/tr>\n<tr>\n<td width=\"261\">Potencia motor el\u00e9ctrico<\/td>\n<td width=\"249\">5.0 \u2013 7.5 HP<\/td>\n<\/tr>\n<tr>\n<td width=\"261\">Potencia motor gasolina o di\u00e9sel<\/td>\n<td width=\"249\">13 HP<\/td>\n<\/tr>\n<tr>\n<td width=\"261\">Dimensiones (L x A x H) mm<\/td>\n<td width=\"249\">740 X 820 X 1150<\/td>\n<\/tr>\n<tr>\n<td width=\"261\">Peso aproximado<\/td>\n<td width=\"249\">50 Kg.<\/td>\n<\/tr>\n<\/tbody>\n<\/table>\n","protected":false},"excerpt":{"rendered":"<p>Picadora de alta velocidad para uso de raci\u00f3n diaria \u00f3 ensilaje.<\/p>\n<p>La picadora de pasto PP 600 PLUS, es ideal para optimizar el picado de pasto, ca\u00f1a de az\u00facar, sorgo y otras especies forrajeras; brinda la opci\u00f3n de picado de zanahoria, papa y\/o trozos de yuca. Posee cuatro cuchillas m\u00f3viles y una contra cuchilla fija, base para motor el\u00e9ctrico o de combusti\u00f3n, cuenta con un protector de bandas y poleas y cuello giratorio para direccionar el material picado.<br \/>\n\u2013 Apta para raci\u00f3n diaria<br \/>\n\u2013 Ideal para hacer ensilaje<br \/>\n\u2013 Segura en su operaci\u00f3n<br \/>\n\u2013 F\u00e1cil en su mantenimiento<\/p>\n","protected":false},"featured_media":16353,"comment_status":"open","ping_status":"closed","template":"","meta":{"_joinchat":[]},"product_brand":[],"product_cat":[70,50,129],"product_tag":[],"class_list":{"0":"post-16381","1":"product","2":"type-product","3":"status-publish","4":"has-post-thumbnail","6":"product_cat-agro","7":"product_cat-penagos","8":"product_cat-picadoras-y-ensiladoras","10":"first","11":"instock","12":"shipping-taxable","13":"product-type-simple","14":"add-to-wishlist-after_add_to_cart"},"_links":{"self":[{"href":"https:\/\/www.importadoramundialferretera.com\/Inicio\/wp-json\/wp\/v2\/product\/16381","targetHints":{"allow":["GET"]}}],"collection":[{"href":"https:\/\/www.importadoramundialferretera.com\/Inicio\/wp-json\/wp\/v2\/product"}],"about":[{"href":"https:\/\/www.importadoramundialferretera.com\/Inicio\/wp-json\/wp\/v2\/types\/product"}],"replies":[{"embeddable":true,"href":"https:\/\/www.importadoramundialferretera.com\/Inicio\/wp-json\/wp\/v2\/comments?post=16381"}],"version-history":[{"count":2,"href":"https:\/\/www.importadoramundialferretera.com\/Inicio\/wp-json\/wp\/v2\/product\/16381\/revisions"}],"predecessor-version":[{"id":16384,"href":"https:\/\/www.importadoramundialferretera.com\/Inicio\/wp-json\/wp\/v2\/product\/16381\/revisions\/16384"}],"wp:featuredmedia":[{"embeddable":true,"href":"https:\/\/www.importadoramundialferretera.com\/Inicio\/wp-json\/wp\/v2\/media\/16353"}],"wp:attachment":[{"href":"https:\/\/www.importadoramundialferretera.com\/Inicio\/wp-json\/wp\/v2\/media?parent=16381"}],"wp:term":[{"taxonomy":"product_brand","embeddable":true,"href":"https:\/\/www.importadoramundialferretera.com\/Inicio\/wp-json\/wp\/v2\/product_brand?post=16381"},{"taxonomy":"product_cat","embeddable":true,"href":"https:\/\/www.importadoramundialferretera.com\/Inicio\/wp-json\/wp\/v2\/product_cat?post=16381"},{"taxonomy":"product_tag","embeddable":true,"href":"https:\/\/www.importadoramundialferretera.com\/Inicio\/wp-json\/wp\/v2\/product_tag?post=16381"}],"curies":[{"name":"wp","href":"https:\/\/api.w.org\/{rel}","templated":true}]}}