{"id":16376,"date":"2024-09-20T14:44:46","date_gmt":"2024-09-20T14:44:46","guid":{"rendered":"https:\/\/www.importadoramundialferretera.com\/Inicio\/?post_type=product&#038;p=16376"},"modified":"2024-09-20T14:46:51","modified_gmt":"2024-09-20T14:46:51","slug":"triturador-picador-tp-8amg-con-motor","status":"publish","type":"product","link":"https:\/\/www.importadoramundialferretera.com\/Inicio\/product\/triturador-picador-tp-8amg-con-motor\/","title":{"rendered":"TRITURADOR PICADOR TP-8AMG CON MOTOR"},"content":{"rendered":"<table width=\"764\">\n<tbody>\n<tr>\n<td width=\"212\">Modelo<\/td>\n<td width=\"202\">TP-8AMG<\/td>\n<\/tr>\n<tr>\n<td width=\"212\">Producci\u00f3n desintegrando cereales secos*<\/td>\n<td width=\"202\">50 \u2013 300 kg\/h<\/td>\n<\/tr>\n<tr>\n<td width=\"212\">Producci\u00f3n picando forrajes **<\/td>\n<td width=\"202\">300 \u2013 800 kg\/h<\/td>\n<\/tr>\n<tr>\n<td width=\"212\">N\u00famero de martillos fijos<\/td>\n<td width=\"202\">2<\/td>\n<\/tr>\n<tr>\n<td width=\"212\">N\u00famero de cuchillas<\/td>\n<td width=\"202\">2<\/td>\n<\/tr>\n<tr>\n<td width=\"212\">N\u00famero de contracuchillas<\/td>\n<td width=\"202\">1<\/td>\n<\/tr>\n<tr>\n<td width=\"212\">Cribas (agujeros en mil\u00edmetros)<\/td>\n<td width=\"202\">1.5, 3, 5, 10 y lisa<\/td>\n<\/tr>\n<tr>\n<td width=\"212\">Revoluciones del rotor<\/td>\n<td width=\"202\">3200 \u2013 3500 R.P.M.<\/td>\n<\/tr>\n<tr>\n<td width=\"212\">Potencia motor gasolina<\/td>\n<td width=\"202\">\u00a0\u00a06.5 H.P.<\/td>\n<\/tr>\n<tr>\n<td width=\"212\">Peso maquina<\/td>\n<td width=\"202\">45 kg<\/td>\n<\/tr>\n<tr>\n<td width=\"212\">Dimensiones (LxAxH)<\/td>\n<td width=\"202\">780 x 450 x 1.100 mm<\/td>\n<\/tr>\n<\/tbody>\n<\/table>\n","protected":false},"excerpt":{"rendered":"<p>Nuevo triturador Picador TP8 AMG con motor gasolina de 6.5 HP acoplado.<\/p>\n<p>El nuevo TP-8AMG est\u00e1 listo para operar gracias a su acople directo que le permitir\u00e1 ahorrar espacio porque no necesita base motor; ahorre dinero ya que no necesitar\u00e1 protector, ni poleas, ni correas; y ahorrar tiempo porque no necesita instalar motor, ni base, ni correas.<\/p>\n<p>-Es eficiente para moler, picar y triturar variedad de productos.<br \/>\n-Pica todo tipo de pastos, ca\u00f1as, leguminosas y especies forrajeras.<br \/>\n-Muele: granos de ma\u00edz, sorgo, soya, arroz, trigo, cebada, frijol y cereales secos en general, produciendo harinas gruesas o finas seg\u00fan la criba utilizada.<br \/>\n-Tritura: tub\u00e9rculos, ramas de productos vegetales, entre otros<\/p>\n","protected":false},"featured_media":16354,"comment_status":"open","ping_status":"closed","template":"","meta":{"_joinchat":[]},"product_brand":[],"product_cat":[50,130],"product_tag":[],"class_list":{"0":"post-16376","1":"product","2":"type-product","3":"status-publish","4":"has-post-thumbnail","6":"product_cat-penagos","7":"product_cat-trituradoras-y-molinos","9":"first","10":"instock","11":"shipping-taxable","12":"product-type-simple","13":"add-to-wishlist-after_add_to_cart"},"_links":{"self":[{"href":"https:\/\/www.importadoramundialferretera.com\/Inicio\/wp-json\/wp\/v2\/product\/16376","targetHints":{"allow":["GET"]}}],"collection":[{"href":"https:\/\/www.importadoramundialferretera.com\/Inicio\/wp-json\/wp\/v2\/product"}],"about":[{"href":"https:\/\/www.importadoramundialferretera.com\/Inicio\/wp-json\/wp\/v2\/types\/product"}],"replies":[{"embeddable":true,"href":"https:\/\/www.importadoramundialferretera.com\/Inicio\/wp-json\/wp\/v2\/comments?post=16376"}],"version-history":[{"count":3,"href":"https:\/\/www.importadoramundialferretera.com\/Inicio\/wp-json\/wp\/v2\/product\/16376\/revisions"}],"predecessor-version":[{"id":16379,"href":"https:\/\/www.importadoramundialferretera.com\/Inicio\/wp-json\/wp\/v2\/product\/16376\/revisions\/16379"}],"wp:featuredmedia":[{"embeddable":true,"href":"https:\/\/www.importadoramundialferretera.com\/Inicio\/wp-json\/wp\/v2\/media\/16354"}],"wp:attachment":[{"href":"https:\/\/www.importadoramundialferretera.com\/Inicio\/wp-json\/wp\/v2\/media?parent=16376"}],"wp:term":[{"taxonomy":"product_brand","embeddable":true,"href":"https:\/\/www.importadoramundialferretera.com\/Inicio\/wp-json\/wp\/v2\/product_brand?post=16376"},{"taxonomy":"product_cat","embeddable":true,"href":"https:\/\/www.importadoramundialferretera.com\/Inicio\/wp-json\/wp\/v2\/product_cat?post=16376"},{"taxonomy":"product_tag","embeddable":true,"href":"https:\/\/www.importadoramundialferretera.com\/Inicio\/wp-json\/wp\/v2\/product_tag?post=16376"}],"curies":[{"name":"wp","href":"https:\/\/api.w.org\/{rel}","templated":true}]}}