{"id":16330,"date":"2024-09-18T17:59:35","date_gmt":"2024-09-18T17:59:35","guid":{"rendered":"https:\/\/www.importadoramundialferretera.com\/Inicio\/?post_type=product&#038;p=16330"},"modified":"2024-09-18T17:59:35","modified_gmt":"2024-09-18T17:59:35","slug":"motosierra-ms-250","status":"publish","type":"product","link":"https:\/\/www.importadoramundialferretera.com\/Inicio\/product\/motosierra-ms-250\/","title":{"rendered":"MOTOSIERRA MS 250"},"content":{"rendered":"<h2 class=\"m_product-specifications__headline\" data-test-id=\"pdp-specifications\">Detalles t\u00e9cnicos<\/h2>\n<div class=\"m_product-specifications__table\">\n<table data-test-id=\"pdp-spec-tech-table\">\n<tbody>\n<tr>\n<td>Longitud de la espada<\/td>\n<td>40-50 cm<\/td>\n<\/tr>\n<tr>\n<td>Cilindrada<\/td>\n<td>45,4 cm\u00b3<\/td>\n<\/tr>\n<tr>\n<td>Potencia<\/td>\n<td>2,3 kW<\/td>\n<\/tr>\n<tr>\n<td>Potencia<\/td>\n<td>3,1 PS<\/td>\n<\/tr>\n<tr>\n<td>Potencia<\/td>\n<td>3,1 bhp<\/td>\n<\/tr>\n<\/tbody>\n<\/table>\n<\/div>\n","protected":false},"excerpt":{"rendered":"<h2 class=\"product-details__title\">Motosierra a gasolina MS 250<\/h2>\n<div class=\"product-details__description richtexteditor\">Un paso por encima de la MS 230, la MS 250 es lo suficientemente ligera como para realizar peque\u00f1as tareas de desbroce o limpieza, pero lo suficientemente potente como para cortar peque\u00f1as ramas y \u00e1rboles. Una combinaci\u00f3n de caracter\u00edsticas y una alta relaci\u00f3n potencia-peso la convierten en una de las mejores motosierras para el hogar del mercado. Disponible con espada de 50CM<\/div>\n","protected":false},"featured_media":16311,"comment_status":"open","ping_status":"closed","template":"","meta":{"_joinchat":[]},"product_brand":[],"product_cat":[114,183,62],"product_tag":[],"class_list":{"0":"post-16330","1":"product","2":"type-product","3":"status-publish","4":"has-post-thumbnail","6":"product_cat-motosierra-gasolina","7":"product_cat-motosierras","8":"product_cat-stihl","10":"first","11":"instock","12":"shipping-taxable","13":"product-type-simple","14":"add-to-wishlist-after_add_to_cart"},"_links":{"self":[{"href":"https:\/\/www.importadoramundialferretera.com\/Inicio\/wp-json\/wp\/v2\/product\/16330","targetHints":{"allow":["GET"]}}],"collection":[{"href":"https:\/\/www.importadoramundialferretera.com\/Inicio\/wp-json\/wp\/v2\/product"}],"about":[{"href":"https:\/\/www.importadoramundialferretera.com\/Inicio\/wp-json\/wp\/v2\/types\/product"}],"replies":[{"embeddable":true,"href":"https:\/\/www.importadoramundialferretera.com\/Inicio\/wp-json\/wp\/v2\/comments?post=16330"}],"version-history":[{"count":2,"href":"https:\/\/www.importadoramundialferretera.com\/Inicio\/wp-json\/wp\/v2\/product\/16330\/revisions"}],"predecessor-version":[{"id":16333,"href":"https:\/\/www.importadoramundialferretera.com\/Inicio\/wp-json\/wp\/v2\/product\/16330\/revisions\/16333"}],"wp:featuredmedia":[{"embeddable":true,"href":"https:\/\/www.importadoramundialferretera.com\/Inicio\/wp-json\/wp\/v2\/media\/16311"}],"wp:attachment":[{"href":"https:\/\/www.importadoramundialferretera.com\/Inicio\/wp-json\/wp\/v2\/media?parent=16330"}],"wp:term":[{"taxonomy":"product_brand","embeddable":true,"href":"https:\/\/www.importadoramundialferretera.com\/Inicio\/wp-json\/wp\/v2\/product_brand?post=16330"},{"taxonomy":"product_cat","embeddable":true,"href":"https:\/\/www.importadoramundialferretera.com\/Inicio\/wp-json\/wp\/v2\/product_cat?post=16330"},{"taxonomy":"product_tag","embeddable":true,"href":"https:\/\/www.importadoramundialferretera.com\/Inicio\/wp-json\/wp\/v2\/product_tag?post=16330"}],"curies":[{"name":"wp","href":"https:\/\/api.w.org\/{rel}","templated":true}]}}