{"id":16326,"date":"2024-09-18T17:48:46","date_gmt":"2024-09-18T17:48:46","guid":{"rendered":"https:\/\/www.importadoramundialferretera.com\/Inicio\/?post_type=product&#038;p=16326"},"modified":"2024-09-18T17:48:46","modified_gmt":"2024-09-18T17:48:46","slug":"motosierra-ms-194t-para-podas-de-altura","status":"publish","type":"product","link":"https:\/\/www.importadoramundialferretera.com\/Inicio\/product\/motosierra-ms-194t-para-podas-de-altura\/","title":{"rendered":"MOTOSIERRA MS 194T PARA PODAS DE ALTURA"},"content":{"rendered":"<h2 class=\"m_product-specifications__headline\" data-test-id=\"pdp-specifications\">Detalles t\u00e9cnicos<\/h2>\n<div class=\"m_product-specifications__table\">\n<table data-test-id=\"pdp-spec-tech-table\">\n<tbody>\n<tr>\n<td>Longitud de la espada<\/td>\n<td>40 cm<\/td>\n<\/tr>\n<tr>\n<td>Cilindrada<\/td>\n<td>31,76 cm\u00b3<\/td>\n<\/tr>\n<tr>\n<td>Potencia<\/td>\n<td>1,4 kW<\/td>\n<\/tr>\n<tr>\n<td>Potencia<\/td>\n<td>1,9 PS<\/td>\n<\/tr>\n<tr>\n<td>Potencia<\/td>\n<td>1,9 bhp<\/td>\n<\/tr>\n<\/tbody>\n<\/table>\n<\/div>\n","protected":false},"excerpt":{"rendered":"<h2 class=\"product-details__title\">Ligera motosierra de poda con motor 2 MIX<\/h2>\n<div class=\"product-details__description richtexteditor\">\n<p>La motosierra a gasolina STIHL MS 194 T es una potente\u00a0<strong>sierra arborista profesional<\/strong>\u00a0que es igualmente impresionante para el\u00a0<strong>mantenimiento de copas, as\u00ed como para la eliminaci\u00f3n de madera muerta, reto\u00f1os y brotes de agua<\/strong>\u00a0. Los especialistas en el mantenimiento de \u00e1rboles podr\u00e1n realizar tareas de mantenimiento de forma eficaz con esta motosierra de gasolina. El dise\u00f1o compacto de la motosierra STIHL MS 194 T y su bajo peso le permiten trabajar de manera eficiente incluso en espacios reducidos.<\/p>\n<p>El potente motor STIHL 2-MIX garantiza un\u00a0<strong>alto rendimiento de corte con un bajo consumo de combustible&lt; \/strong&gt;. La cadena de sierra STIHL 1\/4\u00bb PM3 permite cortes finos y trabajos precisos. El sistema STIHL Ematic tambi\u00e9n apoya el suministro espec\u00edfico de aceite a la espada y la cadena, lo que significa que puede trabajar de manera efectiva y conservar aceite. Un pr\u00e1ctico gancho desplegable sirve para\u00a0fijar el cable de suspensi\u00f3n\u00a0al bajar la motosierra y para asegurarla.<\/strong><\/p>\n<p><strong>Las numerosas ventajas de esta motosierra incluyen el\u00a0sistema STIHL\u00a0 de anti-vibraci\u00f3n, que minimiza las vibraciones del motor y de la herramienta el\u00e9ctrica,\u00a0protegiendo as\u00ed tus m\u00fasculos y articulaciones.<\/strong><\/p>\n<p><strong>ADVERTENCIA: Esta especial La motosierra s\u00f3lo est\u00e1 dise\u00f1ada para especialistas capacitados en el mantenimiento de \u00e1rboles. El uso de esta herramienta sin la formaci\u00f3n adecuada puede provocar lesiones graves.<\/strong><\/p>\n<\/div>\n","protected":false},"featured_media":16306,"comment_status":"open","ping_status":"closed","template":"","meta":{"_joinchat":[]},"product_brand":[],"product_cat":[114,183,62],"product_tag":[],"class_list":{"0":"post-16326","1":"product","2":"type-product","3":"status-publish","4":"has-post-thumbnail","6":"product_cat-motosierra-gasolina","7":"product_cat-motosierras","8":"product_cat-stihl","10":"first","11":"instock","12":"shipping-taxable","13":"product-type-simple","14":"add-to-wishlist-after_add_to_cart"},"_links":{"self":[{"href":"https:\/\/www.importadoramundialferretera.com\/Inicio\/wp-json\/wp\/v2\/product\/16326","targetHints":{"allow":["GET"]}}],"collection":[{"href":"https:\/\/www.importadoramundialferretera.com\/Inicio\/wp-json\/wp\/v2\/product"}],"about":[{"href":"https:\/\/www.importadoramundialferretera.com\/Inicio\/wp-json\/wp\/v2\/types\/product"}],"replies":[{"embeddable":true,"href":"https:\/\/www.importadoramundialferretera.com\/Inicio\/wp-json\/wp\/v2\/comments?post=16326"}],"version-history":[{"count":1,"href":"https:\/\/www.importadoramundialferretera.com\/Inicio\/wp-json\/wp\/v2\/product\/16326\/revisions"}],"predecessor-version":[{"id":16327,"href":"https:\/\/www.importadoramundialferretera.com\/Inicio\/wp-json\/wp\/v2\/product\/16326\/revisions\/16327"}],"wp:featuredmedia":[{"embeddable":true,"href":"https:\/\/www.importadoramundialferretera.com\/Inicio\/wp-json\/wp\/v2\/media\/16306"}],"wp:attachment":[{"href":"https:\/\/www.importadoramundialferretera.com\/Inicio\/wp-json\/wp\/v2\/media?parent=16326"}],"wp:term":[{"taxonomy":"product_brand","embeddable":true,"href":"https:\/\/www.importadoramundialferretera.com\/Inicio\/wp-json\/wp\/v2\/product_brand?post=16326"},{"taxonomy":"product_cat","embeddable":true,"href":"https:\/\/www.importadoramundialferretera.com\/Inicio\/wp-json\/wp\/v2\/product_cat?post=16326"},{"taxonomy":"product_tag","embeddable":true,"href":"https:\/\/www.importadoramundialferretera.com\/Inicio\/wp-json\/wp\/v2\/product_tag?post=16326"}],"curies":[{"name":"wp","href":"https:\/\/api.w.org\/{rel}","templated":true}]}}