{"id":16322,"date":"2024-09-18T17:40:24","date_gmt":"2024-09-18T17:40:24","guid":{"rendered":"https:\/\/www.importadoramundialferretera.com\/Inicio\/?post_type=product&#038;p=16322"},"modified":"2024-09-18T17:40:25","modified_gmt":"2024-09-18T17:40:25","slug":"motosierra-ms-182","status":"publish","type":"product","link":"https:\/\/www.importadoramundialferretera.com\/Inicio\/product\/motosierra-ms-182\/","title":{"rendered":"MOTOSIERRA MS 182"},"content":{"rendered":"<table data-test-id=\"pdp-spec-tech-table\">\n<tbody>\n<tr>\n<td>Longitud de la espada<\/td>\n<td>30-45 cm<\/td>\n<\/tr>\n<tr>\n<td>Cilindrada<\/td>\n<td>35,8 cm\u00b3<\/td>\n<\/tr>\n<tr>\n<td>Potencia<\/td>\n<td>1,6 kW<\/td>\n<\/tr>\n<tr>\n<td>Potencia<\/td>\n<td>2,2 PS<\/td>\n<\/tr>\n<tr>\n<td>Potencia<\/td>\n<td>2,2 bhp<\/td>\n<\/tr>\n<\/tbody>\n<\/table>\n","protected":false},"excerpt":{"rendered":"<h2 class=\"product-details__title\">Motosierra de gasolina MS 182: Brilla en el mantenimiento de terrenos<\/h2>\n<div class=\"product-details__description richtexteditor\">\n<p>La potente motosierra de gasolina MS182 de STIHL es especialmente ideal para cortar le\u00f1a, as\u00ed como para su uso en horticultura, paisajismo y mantenimiento de terrenos. Gracias a su motor de alto rendimiento, esta motosierra se puede utilizar para una amplia gama de tareas, ya sea un\u00a0<strong>usuario dom\u00e9stico, un profesional de la horticultura o el paisajismo, o un comerciante<\/strong>. Incluso la tala de \u00e1rboles peque\u00f1os es posible con la EM 182.<\/p>\n<p>La MS 182 no solo garantiza\u00a0<strong>un excelente rendimiento de corte, sino que tambi\u00e9n es econ\u00f3mico<\/strong>. El\u00a0<strong>sistema antivibraci\u00f3n STIHL<\/strong>\u00a0te ayuda a trabajar c\u00f3modamente con tu motosierra, ya que protege tus m\u00fasculos y articulaciones. El\u00a0<strong>control de una sola palanca<\/strong>\u00a0tambi\u00e9n le permite controlar todas las funciones de esta motosierra de gasolina con una sola mano. Su trabajo tambi\u00e9n se ve facilitado por el\u00a0<strong>tope de garra estable<\/strong>. Le ayuda a\u00a0<strong>sujetar la sierra firmemente sobre la madera<\/strong>\u00a0para un\u00a0<strong>corte preciso<\/strong>. El\u00a0<strong>robusto elemento filtrante<\/strong>\u00a0de material polar garantiza\u00a0<strong>largos intervalos de mantenimiento<\/strong>. Hay\u00a0<strong>filtros de poliamida<\/strong>\u00a0especiales disponibles para\u00a0<strong>trabajar en la nieve<\/strong>.<\/p>\n<p>Otra caracter\u00edstica pr\u00e1ctica del MS de STIHL 182: despu\u00e9s de las pausas de trabajo, el motor est\u00e1 inmediatamente listo para arrancar de nuevo, ya que la\u00a0<strong>palanca combinada con funci\u00f3n de parada vuelve autom\u00e1ticamente a la posici\u00f3n de funcionamiento<\/strong>. El\u00a0<strong>tensado lateral de la cadena<\/strong>\u00a0facilita el retensado de la cadena, manteniendo las interrupciones del trabajo al m\u00ednimo.<\/p>\n<p>El\u00a0<strong>enchufe de diagn\u00f3stico<\/strong>\u00a0es \u00fatil para el mantenimiento de su motosierra de gasolina STIHL MS 182. Esto proporcionar\u00e1 a su distribuidor local de STIHL\u00a0informaci\u00f3n sobre el dise\u00f1o de la m\u00e1quina, la vida \u00fatil y las instrucciones de reparaci\u00f3n y mantenimiento.<\/p>\n<\/div>\n","protected":false},"featured_media":16304,"comment_status":"open","ping_status":"closed","template":"","meta":{"_joinchat":[]},"product_brand":[],"product_cat":[114,183,62],"product_tag":[],"class_list":{"0":"post-16322","1":"product","2":"type-product","3":"status-publish","4":"has-post-thumbnail","6":"product_cat-motosierra-gasolina","7":"product_cat-motosierras","8":"product_cat-stihl","10":"first","11":"instock","12":"shipping-taxable","13":"product-type-simple","14":"add-to-wishlist-after_add_to_cart"},"_links":{"self":[{"href":"https:\/\/www.importadoramundialferretera.com\/Inicio\/wp-json\/wp\/v2\/product\/16322","targetHints":{"allow":["GET"]}}],"collection":[{"href":"https:\/\/www.importadoramundialferretera.com\/Inicio\/wp-json\/wp\/v2\/product"}],"about":[{"href":"https:\/\/www.importadoramundialferretera.com\/Inicio\/wp-json\/wp\/v2\/types\/product"}],"replies":[{"embeddable":true,"href":"https:\/\/www.importadoramundialferretera.com\/Inicio\/wp-json\/wp\/v2\/comments?post=16322"}],"version-history":[{"count":1,"href":"https:\/\/www.importadoramundialferretera.com\/Inicio\/wp-json\/wp\/v2\/product\/16322\/revisions"}],"predecessor-version":[{"id":16323,"href":"https:\/\/www.importadoramundialferretera.com\/Inicio\/wp-json\/wp\/v2\/product\/16322\/revisions\/16323"}],"wp:featuredmedia":[{"embeddable":true,"href":"https:\/\/www.importadoramundialferretera.com\/Inicio\/wp-json\/wp\/v2\/media\/16304"}],"wp:attachment":[{"href":"https:\/\/www.importadoramundialferretera.com\/Inicio\/wp-json\/wp\/v2\/media?parent=16322"}],"wp:term":[{"taxonomy":"product_brand","embeddable":true,"href":"https:\/\/www.importadoramundialferretera.com\/Inicio\/wp-json\/wp\/v2\/product_brand?post=16322"},{"taxonomy":"product_cat","embeddable":true,"href":"https:\/\/www.importadoramundialferretera.com\/Inicio\/wp-json\/wp\/v2\/product_cat?post=16322"},{"taxonomy":"product_tag","embeddable":true,"href":"https:\/\/www.importadoramundialferretera.com\/Inicio\/wp-json\/wp\/v2\/product_tag?post=16322"}],"curies":[{"name":"wp","href":"https:\/\/api.w.org\/{rel}","templated":true}]}}