{"id":16298,"date":"2024-09-18T17:16:21","date_gmt":"2024-09-18T17:16:21","guid":{"rendered":"https:\/\/www.importadoramundialferretera.com\/Inicio\/?post_type=product&#038;p=16298"},"modified":"2024-09-18T17:16:22","modified_gmt":"2024-09-18T17:16:22","slug":"motosierra-ms-162","status":"publish","type":"product","link":"https:\/\/www.importadoramundialferretera.com\/Inicio\/product\/motosierra-ms-162\/","title":{"rendered":"MOTOSIERRA MS 162"},"content":{"rendered":"<table data-test-id=\"pdp-spec-tech-table\">\n<tbody>\n<tr>\n<td>Longitud de la espada<\/td>\n<td>35 cm<\/td>\n<\/tr>\n<tr>\n<td>Cilindrada<\/td>\n<td>30,1 cm\u00b3<\/td>\n<\/tr>\n<tr>\n<td>Potencia<\/td>\n<td>1,2-1,3 kW<\/td>\n<\/tr>\n<tr>\n<td>Potencia<\/td>\n<td>1,6-1,8 PS<\/td>\n<\/tr>\n<tr>\n<td>Potencia<\/td>\n<td>1,6-1,7 bhp<\/td>\n<\/tr>\n<\/tbody>\n<\/table>\n","protected":false},"excerpt":{"rendered":"<p>Modelo dise\u00f1ado para\u00a0<strong>cortar le\u00f1a y realizar peque\u00f1as tareas de mantenimiento<\/strong>. Tensado lateral de la cadena, sistema antivibraci\u00f3n STIHL y mando unificado de posici\u00f3n de arranque con funci\u00f3n de parada para volver a arrancar f\u00e1cilmente la motosierra en <strong>caliente<\/strong>\u00a0tras breves pausas de trabajo. Mediante el manejo de una \u00fanica palanca, todas las funciones importantes como\u00a0<strong>arranque, marcha y parada\u00a0<\/strong>se controlan c\u00f3modamente con una sola mano.<\/p>\n<ul>\n<li>Motosierra de gasolina para cortar le\u00f1a y para el cuidado de jardines y fincas<\/li>\n<li>F\u00e1cil manejo gracias al manillar ergon\u00f3mico y a la palanca combinada con funci\u00f3n de parada<\/li>\n<li>Tensado lateral de cadena<\/li>\n<li>Con espada de 35cm<\/li>\n<\/ul>\n","protected":false},"featured_media":16302,"comment_status":"open","ping_status":"closed","template":"","meta":{"_joinchat":[]},"product_brand":[],"product_cat":[183,62],"product_tag":[],"class_list":{"0":"post-16298","1":"product","2":"type-product","3":"status-publish","4":"has-post-thumbnail","6":"product_cat-motosierras","7":"product_cat-stihl","9":"first","10":"instock","11":"shipping-taxable","12":"product-type-simple","13":"add-to-wishlist-after_add_to_cart"},"_links":{"self":[{"href":"https:\/\/www.importadoramundialferretera.com\/Inicio\/wp-json\/wp\/v2\/product\/16298","targetHints":{"allow":["GET"]}}],"collection":[{"href":"https:\/\/www.importadoramundialferretera.com\/Inicio\/wp-json\/wp\/v2\/product"}],"about":[{"href":"https:\/\/www.importadoramundialferretera.com\/Inicio\/wp-json\/wp\/v2\/types\/product"}],"replies":[{"embeddable":true,"href":"https:\/\/www.importadoramundialferretera.com\/Inicio\/wp-json\/wp\/v2\/comments?post=16298"}],"version-history":[{"count":1,"href":"https:\/\/www.importadoramundialferretera.com\/Inicio\/wp-json\/wp\/v2\/product\/16298\/revisions"}],"predecessor-version":[{"id":16319,"href":"https:\/\/www.importadoramundialferretera.com\/Inicio\/wp-json\/wp\/v2\/product\/16298\/revisions\/16319"}],"wp:featuredmedia":[{"embeddable":true,"href":"https:\/\/www.importadoramundialferretera.com\/Inicio\/wp-json\/wp\/v2\/media\/16302"}],"wp:attachment":[{"href":"https:\/\/www.importadoramundialferretera.com\/Inicio\/wp-json\/wp\/v2\/media?parent=16298"}],"wp:term":[{"taxonomy":"product_brand","embeddable":true,"href":"https:\/\/www.importadoramundialferretera.com\/Inicio\/wp-json\/wp\/v2\/product_brand?post=16298"},{"taxonomy":"product_cat","embeddable":true,"href":"https:\/\/www.importadoramundialferretera.com\/Inicio\/wp-json\/wp\/v2\/product_cat?post=16298"},{"taxonomy":"product_tag","embeddable":true,"href":"https:\/\/www.importadoramundialferretera.com\/Inicio\/wp-json\/wp\/v2\/product_tag?post=16298"}],"curies":[{"name":"wp","href":"https:\/\/api.w.org\/{rel}","templated":true}]}}