{"id":16135,"date":"2024-09-13T17:18:37","date_gmt":"2024-09-13T17:18:37","guid":{"rendered":"https:\/\/www.importadoramundialferretera.com\/Inicio\/?post_type=product&#038;p=16135"},"modified":"2024-10-04T19:35:25","modified_gmt":"2024-10-04T19:35:25","slug":"soldador-inteligente-mig-mma-tig-300-amp-220v","status":"publish","type":"product","link":"https:\/\/www.importadoramundialferretera.com\/Inicio\/product\/soldador-inteligente-mig-mma-tig-300-amp-220v\/","title":{"rendered":"SOLDADOR INTELIGENTE -MIG- MMA-TIG 300 AMP 220V"},"content":{"rendered":"<table class=\"csGvXg _DyBwg\">\n<tbody>\n<tr>\n<td colspan=\"1\" rowspan=\"1\">\n<div class=\"_5RL20Q ELBBdA\">\n<div class=\"xam_ew\">\n<div class=\"iRGCPA\">\n<div class=\"_0yZ6Qg\">\n<div class=\"AdBbhQ hGbcYA rLWGlw _7rUwsA\" lang=\"es-ES\">\n<p class=\"cgHgbA pYZEjA Xp24Nw PanoWQ\"><span class=\"OYPEnA\">\u00a03 LINEAS VIVAS A 220V<\/span><\/p>\n<\/div>\n<\/div>\n<\/div>\n<\/div>\n<\/div>\n<\/td>\n<\/tr>\n<tr>\n<td colspan=\"1\" rowspan=\"1\">\n<div class=\"_5RL20Q ELBBdA\">\n<div class=\"xam_ew\">\n<div class=\"iRGCPA\">\n<div class=\"_0yZ6Qg\">\n<div class=\"AdBbhQ hGbcYA rLWGlw _7rUwsA\" lang=\"es-ES\">\n<p class=\"cgHgbA nxe3IQ Xp24Nw PanoWQ\"><span class=\"OYPEnA\">Consumo m\u00e1ximo<br \/>\nde energ\u00eda<\/span><\/p>\n<\/div>\n<\/div>\n<\/div>\n<\/div>\n<\/div>\n<\/td>\n<td colspan=\"1\" rowspan=\"1\">\n<div class=\"_5RL20Q ELBBdA\">\n<div class=\"xam_ew\">\n<div class=\"iRGCPA\">\n<div class=\"_0yZ6Qg\">\n<div class=\"AdBbhQ hGbcYA rLWGlw _7rUwsA\" lang=\"es-ES\">\n<p class=\"cgHgbA pYZEjA Xp24Nw PanoWQ\"><span class=\"OYPEnA\">14KVA<\/span><\/p>\n<\/div>\n<\/div>\n<\/div>\n<\/div>\n<\/div>\n<\/td>\n<\/tr>\n<tr>\n<td colspan=\"1\" rowspan=\"1\">\n<div class=\"_5RL20Q ELBBdA\">\n<div class=\"xam_ew\">\n<div class=\"iRGCPA\">\n<div class=\"_0yZ6Qg\">\n<div class=\"AdBbhQ hGbcYA rLWGlw _7rUwsA\" lang=\"es-ES\">\n<p class=\"cgHgbA nxe3IQ Xp24Nw PanoWQ\"><span class=\"OYPEnA\">Tensi\u00f3n nominal sin<br \/>\ncarga<\/span><\/p>\n<\/div>\n<\/div>\n<\/div>\n<\/div>\n<\/div>\n<\/td>\n<td colspan=\"1\" rowspan=\"1\">\n<div class=\"_5RL20Q ELBBdA\">\n<div class=\"xam_ew\">\n<div class=\"iRGCPA\">\n<div class=\"_0yZ6Qg\">\n<div class=\"AdBbhQ hGbcYA rLWGlw _7rUwsA\" lang=\"es-ES\">\n<p class=\"cgHgbA pYZEjA Xp24Nw PanoWQ\"><span class=\"OYPEnA\">64V<\/span><\/p>\n<\/div>\n<\/div>\n<\/div>\n<\/div>\n<\/div>\n<\/td>\n<\/tr>\n<tr>\n<td colspan=\"1\" rowspan=\"1\">\n<div class=\"_5RL20Q ELBBdA\">\n<div class=\"xam_ew\">\n<div class=\"iRGCPA\">\n<div class=\"_0yZ6Qg\">\n<div class=\"AdBbhQ hGbcYA rLWGlw _7rUwsA\" lang=\"es-ES\">\n<p class=\"cgHgbA nxe3IQ Xp24Nw PanoWQ\"><span class=\"OYPEnA\">Di\u00e1metros de<br \/>\nbobina de alambre<\/span><\/p>\n<\/div>\n<\/div>\n<\/div>\n<\/div>\n<\/div>\n<\/td>\n<td colspan=\"1\" rowspan=\"1\">\n<div class=\"_5RL20Q ELBBdA\">\n<div class=\"xam_ew\">\n<div class=\"iRGCPA\">\n<div class=\"_0yZ6Qg\">\n<div class=\"AdBbhQ hGbcYA rLWGlw _7rUwsA\" lang=\"es-ES\">\n<p class=\"cgHgbA pYZEjA Xp24Nw\"><span class=\"OYPEnA\">200mm,270mm,300mm<\/span><\/p>\n<p class=\"cgHgbA pYZEjA Xp24Nw\">\n<\/div>\n<\/div>\n<\/div>\n<\/div>\n<\/div>\n<\/td>\n<\/tr>\n<tr>\n<td colspan=\"1\" rowspan=\"1\">\n<div class=\"_5RL20Q ELBBdA\">\n<div class=\"xam_ew\">\n<div class=\"iRGCPA\">\n<div class=\"_0yZ6Qg\">\n<div class=\"AdBbhQ hGbcYA rLWGlw _7rUwsA\" lang=\"es-ES\">\n<p class=\"cgHgbA nxe3IQ Xp24Nw PanoWQ\"><span class=\"OYPEnA\">corriente de<br \/>\nsoldadura<\/span><\/p>\n<\/div>\n<\/div>\n<\/div>\n<\/div>\n<\/div>\n<\/td>\n<td colspan=\"1\" rowspan=\"1\">\n<div class=\"_5RL20Q ELBBdA\">\n<div class=\"xam_ew\">\n<div class=\"iRGCPA\">\n<div class=\"_0yZ6Qg\">\n<div class=\"AdBbhQ hGbcYA rLWGlw _7rUwsA\" lang=\"es-ES\">\n<p class=\"cgHgbA pYZEjA Xp24Nw PanoWQ\"><span class=\"OYPEnA\">MIG: 30<\/span> <span class=\"OYPEnA\">\u2013 300 A;<\/span><\/p>\n<p class=\"cgHgbA pYZEjA Xp24Nw\"><span class=\"OYPEnA\">MMA: 20 \u2013 280 A;<\/span><\/p>\n<p class=\"cgHgbA pYZEjA Xp24Nw\"><span class=\"OYPEnA\">Lift TIG:20 \u2013 300 A<\/span><\/p>\n<\/div>\n<\/div>\n<\/div>\n<\/div>\n<\/div>\n<\/td>\n<\/tr>\n<tr>\n<td colspan=\"1\" rowspan=\"1\">\n<div class=\"_5RL20Q ELBBdA\">\n<div class=\"xam_ew\">\n<div class=\"iRGCPA\">\n<div class=\"_0yZ6Qg\">\n<div class=\"AdBbhQ hGbcYA rLWGlw _7rUwsA\" lang=\"es-ES\">\n<p class=\"cgHgbA nxe3IQ Xp24Nw PanoWQ\"><span class=\"OYPEnA\">Comienzo lento<\/span><\/p>\n<\/div>\n<\/div>\n<\/div>\n<\/div>\n<\/div>\n<\/td>\n<td colspan=\"1\" rowspan=\"1\">\n<div class=\"_5RL20Q ELBBdA\">\n<div class=\"xam_ew\">\n<div class=\"iRGCPA\">\n<div class=\"_0yZ6Qg\">\n<div class=\"AdBbhQ hGbcYA rLWGlw _7rUwsA\" lang=\"es-ES\">\n<p class=\"cgHgbA pYZEjA Xp24Nw\"><span class=\"OYPEnA\">0 \u2013<\/span> <span class=\"OYPEnA\">10<\/span><\/p>\n<p class=\"cgHgbA pYZEjA Xp24Nw\">\n<\/div>\n<\/div>\n<\/div>\n<\/div>\n<\/div>\n<\/td>\n<\/tr>\n<tr>\n<td colspan=\"1\" rowspan=\"1\">\n<div class=\"_5RL20Q ELBBdA\">\n<div class=\"xam_ew\">\n<div class=\"iRGCPA\">\n<div class=\"_0yZ6Qg\">\n<div class=\"AdBbhQ hGbcYA rLWGlw _7rUwsA\" lang=\"es-ES\">\n<p class=\"cgHgbA nxe3IQ Xp24Nw PanoWQ\"><span class=\"OYPEnA\">Inductancia<\/span><\/p>\n<\/div>\n<\/div>\n<\/div>\n<\/div>\n<\/div>\n<\/td>\n<td colspan=\"1\" rowspan=\"1\">\n<div class=\"_5RL20Q ELBBdA\">\n<div class=\"xam_ew\">\n<div class=\"iRGCPA\">\n<div class=\"_0yZ6Qg\">\n<div class=\"AdBbhQ hGbcYA rLWGlw _7rUwsA\" lang=\"es-ES\">\n<p class=\"cgHgbA pYZEjA Xp24Nw\"><span class=\"OYPEnA\">-10<\/span> <span class=\"OYPEnA\">~ 10<\/span><\/p>\n<p class=\"cgHgbA pYZEjA Xp24Nw\">\n<\/div>\n<\/div>\n<\/div>\n<\/div>\n<\/div>\n<\/td>\n<\/tr>\n<tr>\n<td colspan=\"1\" rowspan=\"1\">\n<div class=\"_5RL20Q ELBBdA\">\n<div class=\"xam_ew\">\n<div class=\"iRGCPA\">\n<div class=\"_0yZ6Qg\">\n<div class=\"AdBbhQ hGbcYA rLWGlw _7rUwsA\" lang=\"es-ES\">\n<p class=\"cgHgbA nxe3IQ Xp24Nw PanoWQ\"><span class=\"OYPEnA\">Correcci\u00f3n del voltaje<br \/>\nde soldadura (bajo<br \/>\nSYN MIG)<\/span><\/p>\n<\/div>\n<\/div>\n<\/div>\n<\/div>\n<\/div>\n<\/td>\n<td colspan=\"1\" rowspan=\"1\">\n<div class=\"_5RL20Q ELBBdA\">\n<div class=\"xam_ew\">\n<div class=\"iRGCPA\">\n<div class=\"_0yZ6Qg\">\n<div class=\"AdBbhQ hGbcYA _7rUwsA\" lang=\"es-ES\">\n<p class=\"cgHgbA pYZEjA Xp24Nw\"><span class=\"OYPEnA\">-3~3V<\/span><\/p>\n<p class=\"cgHgbA pYZEjA Xp24Nw\">\n<\/div>\n<\/div>\n<\/div>\n<\/div>\n<\/div>\n<\/td>\n<\/tr>\n<tr>\n<td colspan=\"1\" rowspan=\"1\">\n<div class=\"_5RL20Q ELBBdA\">\n<div class=\"xam_ew\">\n<div class=\"iRGCPA\">\n<div class=\"_0yZ6Qg\">\n<div class=\"AdBbhQ hGbcYA rLWGlw _7rUwsA\" lang=\"es-ES\">\n<p class=\"cgHgbA nxe3IQ Xp24Nw PanoWQ\"><span class=\"OYPEnA\">Quemar de nuevo<\/span><\/p>\n<\/div>\n<\/div>\n<\/div>\n<\/div>\n<\/div>\n<\/td>\n<td colspan=\"1\" rowspan=\"1\">\n<div class=\"_5RL20Q ELBBdA\">\n<div class=\"xam_ew\">\n<div class=\"iRGCPA\">\n<div class=\"_0yZ6Qg\">\n<div class=\"AdBbhQ hGbcYA rLWGlw _7rUwsA\" lang=\"es-ES\">\n<p class=\"cgHgbA pYZEjA Xp24Nw\"><span class=\"OYPEnA\">0 \u2013<\/span> <span class=\"OYPEnA\">10<\/span><\/p>\n<p class=\"cgHgbA pYZEjA Xp24Nw\">\n<\/div>\n<\/div>\n<\/div>\n<\/div>\n<\/div>\n<\/td>\n<\/tr>\n<tr>\n<td colspan=\"1\" rowspan=\"1\">\n<div class=\"_5RL20Q ELBBdA\">\n<div class=\"xam_ew\">\n<div class=\"iRGCPA\">\n<div class=\"_0yZ6Qg\">\n<div class=\"AdBbhQ hGbcYA rLWGlw _7rUwsA\" lang=\"es-ES\">\n<p class=\"cgHgbA nxe3IQ Xp24Nw PanoWQ\"><span class=\"OYPEnA\">Postflujo de gas<\/span><\/p>\n<\/div>\n<\/div>\n<\/div>\n<\/div>\n<\/div>\n<\/td>\n<td colspan=\"1\" rowspan=\"1\">\n<div class=\"_5RL20Q ELBBdA\">\n<div class=\"xam_ew\">\n<div class=\"iRGCPA\">\n<div class=\"_0yZ6Qg\">\n<div class=\"AdBbhQ hGbcYA rLWGlw _7rUwsA\" lang=\"es-ES\">\n<p class=\"cgHgbA pYZEjA Xp24Nw PanoWQ\"><span class=\"OYPEnA\">0.0 ~ 2.0S<\/span><\/p>\n<\/div>\n<\/div>\n<\/div>\n<\/div>\n<\/div>\n<\/td>\n<\/tr>\n<tr>\n<td colspan=\"1\" rowspan=\"1\">\n<div class=\"_5RL20Q ELBBdA\">\n<div class=\"xam_ew\">\n<div class=\"iRGCPA\">\n<div class=\"_0yZ6Qg\">\n<div class=\"AdBbhQ hGbcYA rLWGlw _7rUwsA\" lang=\"es-ES\">\n<p class=\"cgHgbA nxe3IQ Xp24Nw PanoWQ\"><span class=\"OYPEnA\">tiempo puntual<\/span><\/p>\n<\/div>\n<\/div>\n<\/div>\n<\/div>\n<\/div>\n<\/td>\n<td colspan=\"1\" rowspan=\"1\">\n<div class=\"_5RL20Q ELBBdA\">\n<div class=\"xam_ew\">\n<div class=\"iRGCPA\">\n<div class=\"_0yZ6Qg\">\n<div class=\"AdBbhQ hGbcYA rLWGlw _7rUwsA\" lang=\"es-ES\">\n<p class=\"cgHgbA pYZEjA Xp24Nw PanoWQ\"><span class=\"OYPEnA\">0.0 ~ 2.0S<\/span><\/p>\n<\/div>\n<\/div>\n<\/div>\n<\/div>\n<\/div>\n<\/td>\n<\/tr>\n<\/tbody>\n<\/table>\n","protected":false},"excerpt":{"rendered":"<p>La m\u00e1quina de soldar sin\u00e9rgica se utiliza para soldar manualmente acero y metales no ferrosos. Permite soldar mediante m\u00e9todos MMA (electrodo revestido), Lift TIG y MIG\/MAG. La soldadura por puntos es posible en los m\u00e9todos MIG\/MAG. Durante la soldadura MIG\/MAG, se utilizan configuraciones sin\u00e9rgicas, que simplifican la operaci\u00f3n y hacen que el soldador sea adecuado para personas con menos experiencia y aficionados. El amplio rango de correcci\u00f3n de voltaje permite aplicar configuraciones personalizadas.<\/p>\n","protected":false},"featured_media":16138,"comment_status":"open","ping_status":"closed","template":"","meta":{"_joinchat":[]},"product_brand":[],"product_cat":[55,145],"product_tag":[],"class_list":{"0":"post-16135","1":"product","2":"type-product","3":"status-publish","4":"has-post-thumbnail","6":"product_cat-soldadores","7":"product_cat-soldadores-maxweld","9":"first","10":"outofstock","11":"shipping-taxable","12":"purchasable","13":"product-type-simple","14":"add-to-wishlist-after_add_to_cart"},"_links":{"self":[{"href":"https:\/\/www.importadoramundialferretera.com\/Inicio\/wp-json\/wp\/v2\/product\/16135","targetHints":{"allow":["GET"]}}],"collection":[{"href":"https:\/\/www.importadoramundialferretera.com\/Inicio\/wp-json\/wp\/v2\/product"}],"about":[{"href":"https:\/\/www.importadoramundialferretera.com\/Inicio\/wp-json\/wp\/v2\/types\/product"}],"replies":[{"embeddable":true,"href":"https:\/\/www.importadoramundialferretera.com\/Inicio\/wp-json\/wp\/v2\/comments?post=16135"}],"version-history":[{"count":2,"href":"https:\/\/www.importadoramundialferretera.com\/Inicio\/wp-json\/wp\/v2\/product\/16135\/revisions"}],"predecessor-version":[{"id":16856,"href":"https:\/\/www.importadoramundialferretera.com\/Inicio\/wp-json\/wp\/v2\/product\/16135\/revisions\/16856"}],"wp:featuredmedia":[{"embeddable":true,"href":"https:\/\/www.importadoramundialferretera.com\/Inicio\/wp-json\/wp\/v2\/media\/16138"}],"wp:attachment":[{"href":"https:\/\/www.importadoramundialferretera.com\/Inicio\/wp-json\/wp\/v2\/media?parent=16135"}],"wp:term":[{"taxonomy":"product_brand","embeddable":true,"href":"https:\/\/www.importadoramundialferretera.com\/Inicio\/wp-json\/wp\/v2\/product_brand?post=16135"},{"taxonomy":"product_cat","embeddable":true,"href":"https:\/\/www.importadoramundialferretera.com\/Inicio\/wp-json\/wp\/v2\/product_cat?post=16135"},{"taxonomy":"product_tag","embeddable":true,"href":"https:\/\/www.importadoramundialferretera.com\/Inicio\/wp-json\/wp\/v2\/product_tag?post=16135"}],"curies":[{"name":"wp","href":"https:\/\/api.w.org\/{rel}","templated":true}]}}