{"id":15778,"date":"2024-09-05T20:33:33","date_gmt":"2024-09-05T20:33:33","guid":{"rendered":"https:\/\/www.importadoramundialferretera.com\/Inicio\/?post_type=product&#038;p=15778"},"modified":"2024-10-21T20:03:37","modified_gmt":"2024-10-21T20:03:37","slug":"engrasador-neumatico-30kg-rh-5451-wufu","status":"publish","type":"product","link":"https:\/\/www.importadoramundialferretera.com\/Inicio\/product\/engrasador-neumatico-30kg-rh-5451-wufu\/","title":{"rendered":"ENGRASADOR NEUMATICO 30KG RH-5451 &#8211; (WUFU)"},"content":{"rendered":"<p><b>Aplicaci\u00f3n y caracter\u00edsticas:<\/b><\/p>\n<p>*M\u00e1quina de calidad fabricada con precisi\u00f3n y con un rendimiento excelente.<\/p>\n<p>* Dise\u00f1o liviano que ahorra mano de obra para un movimiento y operaci\u00f3n convenientes.<\/p>\n<p>* Tecnolog\u00eda avanzada adoptada para garantizar una calidad duradera, un rendimiento destacado y una vida \u00fatil prolongada.<\/p>\n<p>* Buena aplicaci\u00f3n para\u00a0trabajos de lubricaci\u00f3n de autom\u00f3viles, camiones, maquinarias, tableros y otras l\u00edneas de reparaci\u00f3n, transfiriendo l\u00edquidos de baja viscosidad como aceite, aceite usado, l\u00edquido anticongelante y productos afines, a distancias cortas y medias en estaciones de reparaci\u00f3n profesionales, talleres.<\/p>\n","protected":false},"excerpt":{"rendered":"<h3>Datos t\u00e9cnicos<\/h3>\n<section>\n<table>\n<tbody>\n<tr>\n<td>modelo<\/td>\n<td><b>RH-5451<\/b><\/td>\n<\/tr>\n<tr>\n<td>Relaci\u00f3n de compresi\u00f3n<\/td>\n<td>40:1<\/td>\n<\/tr>\n<tr>\n<td>Presi\u00f3n del aire<\/td>\n<td>6-8 bares 87-116 PSI<\/td>\n<\/tr>\n<tr>\n<td>Capacidad de la bomba<\/td>\n<td>1,2 litros por minuto<\/td>\n<\/tr>\n<tr>\n<td>Presi\u00f3n de salida<\/td>\n<td>240-320 bares 3480-4640 PSI<\/td>\n<\/tr>\n<tr>\n<td>Capacidad del barril<\/td>\n<td>45 litros<\/td>\n<\/tr>\n<tr>\n<td>Peso<\/td>\n<td>22 kilogramos<\/td>\n<\/tr>\n<\/tbody>\n<\/table>\n<\/section>\n","protected":false},"featured_media":15779,"comment_status":"open","ping_status":"closed","template":"","meta":{"_joinchat":[]},"product_brand":[],"product_cat":[69],"product_tag":[],"class_list":{"0":"post-15778","1":"product","2":"type-product","3":"status-publish","4":"has-post-thumbnail","6":"product_cat-herramienta-neumatica","8":"first","9":"instock","10":"shipping-taxable","11":"product-type-simple","12":"add-to-wishlist-after_add_to_cart"},"_links":{"self":[{"href":"https:\/\/www.importadoramundialferretera.com\/Inicio\/wp-json\/wp\/v2\/product\/15778","targetHints":{"allow":["GET"]}}],"collection":[{"href":"https:\/\/www.importadoramundialferretera.com\/Inicio\/wp-json\/wp\/v2\/product"}],"about":[{"href":"https:\/\/www.importadoramundialferretera.com\/Inicio\/wp-json\/wp\/v2\/types\/product"}],"replies":[{"embeddable":true,"href":"https:\/\/www.importadoramundialferretera.com\/Inicio\/wp-json\/wp\/v2\/comments?post=15778"}],"version-history":[{"count":3,"href":"https:\/\/www.importadoramundialferretera.com\/Inicio\/wp-json\/wp\/v2\/product\/15778\/revisions"}],"predecessor-version":[{"id":15782,"href":"https:\/\/www.importadoramundialferretera.com\/Inicio\/wp-json\/wp\/v2\/product\/15778\/revisions\/15782"}],"wp:featuredmedia":[{"embeddable":true,"href":"https:\/\/www.importadoramundialferretera.com\/Inicio\/wp-json\/wp\/v2\/media\/15779"}],"wp:attachment":[{"href":"https:\/\/www.importadoramundialferretera.com\/Inicio\/wp-json\/wp\/v2\/media?parent=15778"}],"wp:term":[{"taxonomy":"product_brand","embeddable":true,"href":"https:\/\/www.importadoramundialferretera.com\/Inicio\/wp-json\/wp\/v2\/product_brand?post=15778"},{"taxonomy":"product_cat","embeddable":true,"href":"https:\/\/www.importadoramundialferretera.com\/Inicio\/wp-json\/wp\/v2\/product_cat?post=15778"},{"taxonomy":"product_tag","embeddable":true,"href":"https:\/\/www.importadoramundialferretera.com\/Inicio\/wp-json\/wp\/v2\/product_tag?post=15778"}],"curies":[{"name":"wp","href":"https:\/\/api.w.org\/{rel}","templated":true}]}}