{"id":15442,"date":"2024-08-28T20:17:42","date_gmt":"2024-08-28T20:17:42","guid":{"rendered":"https:\/\/www.importadoramundialferretera.com\/Inicio\/?post_type=product&#038;p=15442"},"modified":"2024-09-23T15:39:12","modified_gmt":"2024-09-23T15:39:12","slug":"aspersor-de-nebulizacion-cruzada","status":"publish","type":"product","link":"https:\/\/www.importadoramundialferretera.com\/Inicio\/product\/aspersor-de-nebulizacion-cruzada\/","title":{"rendered":"ASPERSOR DE NEBULIZACION CRUZADA"},"content":{"rendered":"<p><strong>CARACTERISTICAS:<\/strong><\/p>\n<p>MATERIAL: Pl\u00e1stico<\/p>\n<p>Tipo de Boquillas:<br \/>\n1 V\u00e1lvula antigoteo.<br \/>\n1 Acople para<br \/>\nconectar la boquilla y<br \/>\nv\u00e1lvula antigoteo.<br \/>\n1 micro tubo de 50 cm de longitud.<br \/>\n1 evitar m\u00e1s pesado<br \/>\nbalancearse en el viento.<\/p>\n","protected":false},"excerpt":{"rendered":"<ul>\n<li><span class=\"OYPEnA text-decoration-none text-strikethrough-none\">El dise\u00f1o de la v\u00e1lvula antigoteo es tan eficiente que puede detener el flujo y evitar da\u00f1ar los cultivos.<\/span><\/li>\n<li><span class=\"OYPEnA text-decoration-none text-strikethrough-none\">Es propicio para la humidificaci\u00f3n y el control del clima por evaporaci\u00f3n en invernaderos y t\u00faneles altos, sistemas de enfriamiento para la cr\u00eda, propagaci\u00f3n de corte y germinaci\u00f3n de semillas.<\/span><\/li>\n<\/ul>\n","protected":false},"featured_media":15443,"comment_status":"open","ping_status":"closed","template":"","meta":{"_joinchat":[]},"product_brand":[],"product_cat":[126],"product_tag":[],"class_list":{"0":"post-15442","1":"product","2":"type-product","3":"status-publish","4":"has-post-thumbnail","6":"product_cat-aspersores-agro","8":"first","9":"instock","10":"shipping-taxable","11":"product-type-simple","12":"add-to-wishlist-after_add_to_cart"},"_links":{"self":[{"href":"https:\/\/www.importadoramundialferretera.com\/Inicio\/wp-json\/wp\/v2\/product\/15442","targetHints":{"allow":["GET"]}}],"collection":[{"href":"https:\/\/www.importadoramundialferretera.com\/Inicio\/wp-json\/wp\/v2\/product"}],"about":[{"href":"https:\/\/www.importadoramundialferretera.com\/Inicio\/wp-json\/wp\/v2\/types\/product"}],"replies":[{"embeddable":true,"href":"https:\/\/www.importadoramundialferretera.com\/Inicio\/wp-json\/wp\/v2\/comments?post=15442"}],"version-history":[{"count":2,"href":"https:\/\/www.importadoramundialferretera.com\/Inicio\/wp-json\/wp\/v2\/product\/15442\/revisions"}],"predecessor-version":[{"id":16484,"href":"https:\/\/www.importadoramundialferretera.com\/Inicio\/wp-json\/wp\/v2\/product\/15442\/revisions\/16484"}],"wp:featuredmedia":[{"embeddable":true,"href":"https:\/\/www.importadoramundialferretera.com\/Inicio\/wp-json\/wp\/v2\/media\/15443"}],"wp:attachment":[{"href":"https:\/\/www.importadoramundialferretera.com\/Inicio\/wp-json\/wp\/v2\/media?parent=15442"}],"wp:term":[{"taxonomy":"product_brand","embeddable":true,"href":"https:\/\/www.importadoramundialferretera.com\/Inicio\/wp-json\/wp\/v2\/product_brand?post=15442"},{"taxonomy":"product_cat","embeddable":true,"href":"https:\/\/www.importadoramundialferretera.com\/Inicio\/wp-json\/wp\/v2\/product_cat?post=15442"},{"taxonomy":"product_tag","embeddable":true,"href":"https:\/\/www.importadoramundialferretera.com\/Inicio\/wp-json\/wp\/v2\/product_tag?post=15442"}],"curies":[{"name":"wp","href":"https:\/\/api.w.org\/{rel}","templated":true}]}}