{"id":15312,"date":"2024-08-27T15:37:04","date_gmt":"2024-08-27T15:37:04","guid":{"rendered":"https:\/\/www.importadoramundialferretera.com\/Inicio\/?post_type=product&#038;p=15312"},"modified":"2024-08-27T15:39:27","modified_gmt":"2024-08-27T15:39:27","slug":"msa-60-0","status":"publish","type":"product","link":"https:\/\/www.importadoramundialferretera.com\/Inicio\/product\/msa-60-0\/","title":{"rendered":"MSA 60.0"},"content":{"rendered":"<p>Cadena \u00bc picco, nuevo dise\u00f1o atractivo, nuevo dise\u00f1o atractivo y sistema operativo, que aumenta la ergonom\u00eda<br \/>\ndurante el trabajo, cuenta con motor EC, ideal para mantenimiento en zonas sensibles al ruido (hospitales,<br \/>\nparques infantiles, escuelas, guarder\u00edas, cementerios etc.), tambi\u00e9n para trabajos con madera (construcci\u00f3n, carpinter\u00eda)<br \/>\ny preparaci\u00f3n de le\u00f1a. Motor sin escobillas. Bater\u00eda\u00a0de 36 Voltios.<\/p>\n","protected":false},"excerpt":{"rendered":"<p>Tensi\u00f3n nominal 36 V<br \/>\nPeso 2,9 kg 1)<br \/>\nPeso del sistema 4,1 kg<br \/>\nNivel de presi\u00f3n sonora 83 dB(A)<br \/>\nNivel de potencia ac\u00fastica 91-94 dB(A)<\/p>\n","protected":false},"featured_media":15135,"comment_status":"open","ping_status":"closed","template":"","meta":{"_joinchat":[]},"product_brand":[],"product_cat":[115],"product_tag":[198],"class_list":{"0":"post-15312","1":"product","2":"type-product","3":"status-publish","4":"has-post-thumbnail","6":"product_cat-motosierra-a-bateria","7":"product_tag-msa-60-0","9":"first","10":"instock","11":"shipping-taxable","12":"product-type-simple","13":"add-to-wishlist-after_add_to_cart"},"_links":{"self":[{"href":"https:\/\/www.importadoramundialferretera.com\/Inicio\/wp-json\/wp\/v2\/product\/15312","targetHints":{"allow":["GET"]}}],"collection":[{"href":"https:\/\/www.importadoramundialferretera.com\/Inicio\/wp-json\/wp\/v2\/product"}],"about":[{"href":"https:\/\/www.importadoramundialferretera.com\/Inicio\/wp-json\/wp\/v2\/types\/product"}],"replies":[{"embeddable":true,"href":"https:\/\/www.importadoramundialferretera.com\/Inicio\/wp-json\/wp\/v2\/comments?post=15312"}],"version-history":[{"count":1,"href":"https:\/\/www.importadoramundialferretera.com\/Inicio\/wp-json\/wp\/v2\/product\/15312\/revisions"}],"predecessor-version":[{"id":15313,"href":"https:\/\/www.importadoramundialferretera.com\/Inicio\/wp-json\/wp\/v2\/product\/15312\/revisions\/15313"}],"wp:featuredmedia":[{"embeddable":true,"href":"https:\/\/www.importadoramundialferretera.com\/Inicio\/wp-json\/wp\/v2\/media\/15135"}],"wp:attachment":[{"href":"https:\/\/www.importadoramundialferretera.com\/Inicio\/wp-json\/wp\/v2\/media?parent=15312"}],"wp:term":[{"taxonomy":"product_brand","embeddable":true,"href":"https:\/\/www.importadoramundialferretera.com\/Inicio\/wp-json\/wp\/v2\/product_brand?post=15312"},{"taxonomy":"product_cat","embeddable":true,"href":"https:\/\/www.importadoramundialferretera.com\/Inicio\/wp-json\/wp\/v2\/product_cat?post=15312"},{"taxonomy":"product_tag","embeddable":true,"href":"https:\/\/www.importadoramundialferretera.com\/Inicio\/wp-json\/wp\/v2\/product_tag?post=15312"}],"curies":[{"name":"wp","href":"https:\/\/api.w.org\/{rel}","templated":true}]}}