{"id":15011,"date":"2024-08-05T19:50:52","date_gmt":"2024-08-05T19:50:52","guid":{"rendered":"https:\/\/www.importadoramundialferretera.com\/Inicio\/?post_type=product&#038;p=15011"},"modified":"2024-10-02T20:01:12","modified_gmt":"2024-10-02T20:01:12","slug":"fsa-60r","status":"publish","type":"product","link":"https:\/\/www.importadoramundialferretera.com\/Inicio\/product\/fsa-60r\/","title":{"rendered":"FSA 60R"},"content":{"rendered":"<p>Tensi\u00f3n nominal 36 V<br \/>\nPeso 3,1 kg 1)<br \/>\nValor de vibraciones, izquierda 3,7 m\/s\u00b2 2)<br \/>\nValor de vibraciones, derecha 2 m\/s\u00b2 2)<br \/>\nLongitud total 168 cm<\/p>\n","protected":false},"excerpt":{"rendered":"<h5>Guada\u00f1a a bater\u00eda FSA 60 R en juego con bater\u00eda AK 20 y cargador est\u00e1ndar AL 101: para un cuidado silencioso y eficiente del c\u00e9sped<br \/>\nEn un paquete completo, tambi\u00e9n ofrecemos la guada\u00f1a STIHL FSA 60 R en un juego con una bater\u00eda de iones de litio STIHL AK-20 y el cargador est\u00e1ndar STIHL AL 101 a juego. Esto significa que puede comenzar a cuidar el c\u00e9sped y recortar los bordes tan pronto como se cargue la bater\u00eda. Con la ligera guada\u00f1a inal\u00e1mbrica STIHL FSA 60 R, puede cortar el c\u00e9sped o recortar los bordes del c\u00e9sped, especialmente a lo largo de los setos y alrededor de plantas u objetos, en entornos dom\u00e9sticos.<\/h5>\n","protected":false},"featured_media":15012,"comment_status":"open","ping_status":"closed","template":"","meta":{"_joinchat":[]},"product_brand":[],"product_cat":[104,62],"product_tag":[106],"class_list":{"0":"post-15011","1":"product","2":"type-product","3":"status-publish","4":"has-post-thumbnail","6":"product_cat-guadanas-a-bateria","7":"product_cat-stihl","8":"product_tag-fsa-60r","10":"first","11":"outofstock","12":"shipping-taxable","13":"product-type-variable","14":"add-to-wishlist-after_add_to_cart"},"_links":{"self":[{"href":"https:\/\/www.importadoramundialferretera.com\/Inicio\/wp-json\/wp\/v2\/product\/15011","targetHints":{"allow":["GET"]}}],"collection":[{"href":"https:\/\/www.importadoramundialferretera.com\/Inicio\/wp-json\/wp\/v2\/product"}],"about":[{"href":"https:\/\/www.importadoramundialferretera.com\/Inicio\/wp-json\/wp\/v2\/types\/product"}],"replies":[{"embeddable":true,"href":"https:\/\/www.importadoramundialferretera.com\/Inicio\/wp-json\/wp\/v2\/comments?post=15011"}],"version-history":[{"count":2,"href":"https:\/\/www.importadoramundialferretera.com\/Inicio\/wp-json\/wp\/v2\/product\/15011\/revisions"}],"predecessor-version":[{"id":16690,"href":"https:\/\/www.importadoramundialferretera.com\/Inicio\/wp-json\/wp\/v2\/product\/15011\/revisions\/16690"}],"wp:featuredmedia":[{"embeddable":true,"href":"https:\/\/www.importadoramundialferretera.com\/Inicio\/wp-json\/wp\/v2\/media\/15012"}],"wp:attachment":[{"href":"https:\/\/www.importadoramundialferretera.com\/Inicio\/wp-json\/wp\/v2\/media?parent=15011"}],"wp:term":[{"taxonomy":"product_brand","embeddable":true,"href":"https:\/\/www.importadoramundialferretera.com\/Inicio\/wp-json\/wp\/v2\/product_brand?post=15011"},{"taxonomy":"product_cat","embeddable":true,"href":"https:\/\/www.importadoramundialferretera.com\/Inicio\/wp-json\/wp\/v2\/product_cat?post=15011"},{"taxonomy":"product_tag","embeddable":true,"href":"https:\/\/www.importadoramundialferretera.com\/Inicio\/wp-json\/wp\/v2\/product_tag?post=15011"}],"curies":[{"name":"wp","href":"https:\/\/api.w.org\/{rel}","templated":true}]}}