{"id":15007,"date":"2024-08-05T19:43:36","date_gmt":"2024-08-05T19:43:36","guid":{"rendered":"https:\/\/www.importadoramundialferretera.com\/Inicio\/?post_type=product&#038;p=15007"},"modified":"2024-10-02T20:03:33","modified_gmt":"2024-10-02T20:03:33","slug":"fsa-57","status":"publish","type":"product","link":"https:\/\/www.importadoramundialferretera.com\/Inicio\/product\/fsa-57\/","title":{"rendered":"FSA 57"},"content":{"rendered":"<p>Tensi\u00f3n nominal 36 V<br \/>\nPeso 2,7 kg 1)<br \/>\nNivel de presi\u00f3n sonora 74 dB(A) 2)<br \/>\nNivel de potencia ac\u00fastica 89 dB(A)<br \/>\nValor de vibraciones, izquierda 4 m\/s\u00b2 3)<\/p>\n","protected":false},"excerpt":{"rendered":"<h5>Guada\u00f1a a bater\u00eda FSA 57 CON BATER\u00cdA ak 10 y cargador est\u00e1ndar AL 101: para un recorte silencioso y eficiente<br \/>\nSi a\u00fan no posee una herramienta el\u00e9ctrica STIHL AK System vale la pena comprar la STIHL FSA 57 como juego. Adem\u00e1s de la recortadora de c\u00e9sped de alto rendimiento con un excelente rendimiento de corte, el paquete tambi\u00e9n incluye una bater\u00eda compacta de iones de litio STIHL AK 10 y un cargador est\u00e1ndar AL 101, lo que significa que puede comenzar con el cuidado de su c\u00e9sped de inmediato. Esta desbrozadora inal\u00e1mbrica es muy silenciosa, por lo que incluso puede usarla en entornos sensibles al ruido.<\/h5>\n","protected":false},"featured_media":15008,"comment_status":"open","ping_status":"closed","template":"","meta":{"_joinchat":[]},"product_brand":[],"product_cat":[104,62],"product_tag":[],"class_list":{"0":"post-15007","1":"product","2":"type-product","3":"status-publish","4":"has-post-thumbnail","6":"product_cat-guadanas-a-bateria","7":"product_cat-stihl","9":"first","10":"outofstock","11":"shipping-taxable","12":"product-type-variable","13":"add-to-wishlist-after_add_to_cart"},"_links":{"self":[{"href":"https:\/\/www.importadoramundialferretera.com\/Inicio\/wp-json\/wp\/v2\/product\/15007","targetHints":{"allow":["GET"]}}],"collection":[{"href":"https:\/\/www.importadoramundialferretera.com\/Inicio\/wp-json\/wp\/v2\/product"}],"about":[{"href":"https:\/\/www.importadoramundialferretera.com\/Inicio\/wp-json\/wp\/v2\/types\/product"}],"replies":[{"embeddable":true,"href":"https:\/\/www.importadoramundialferretera.com\/Inicio\/wp-json\/wp\/v2\/comments?post=15007"}],"version-history":[{"count":1,"href":"https:\/\/www.importadoramundialferretera.com\/Inicio\/wp-json\/wp\/v2\/product\/15007\/revisions"}],"predecessor-version":[{"id":15010,"href":"https:\/\/www.importadoramundialferretera.com\/Inicio\/wp-json\/wp\/v2\/product\/15007\/revisions\/15010"}],"wp:featuredmedia":[{"embeddable":true,"href":"https:\/\/www.importadoramundialferretera.com\/Inicio\/wp-json\/wp\/v2\/media\/15008"}],"wp:attachment":[{"href":"https:\/\/www.importadoramundialferretera.com\/Inicio\/wp-json\/wp\/v2\/media?parent=15007"}],"wp:term":[{"taxonomy":"product_brand","embeddable":true,"href":"https:\/\/www.importadoramundialferretera.com\/Inicio\/wp-json\/wp\/v2\/product_brand?post=15007"},{"taxonomy":"product_cat","embeddable":true,"href":"https:\/\/www.importadoramundialferretera.com\/Inicio\/wp-json\/wp\/v2\/product_cat?post=15007"},{"taxonomy":"product_tag","embeddable":true,"href":"https:\/\/www.importadoramundialferretera.com\/Inicio\/wp-json\/wp\/v2\/product_tag?post=15007"}],"curies":[{"name":"wp","href":"https:\/\/api.w.org\/{rel}","templated":true}]}}