{"id":15000,"date":"2024-08-05T19:29:51","date_gmt":"2024-08-05T19:29:51","guid":{"rendered":"https:\/\/www.importadoramundialferretera.com\/Inicio\/?post_type=product&#038;p=15000"},"modified":"2024-10-02T20:03:06","modified_gmt":"2024-10-02T20:03:06","slug":"fsa-45","status":"publish","type":"product","link":"https:\/\/www.importadoramundialferretera.com\/Inicio\/product\/fsa-45\/","title":{"rendered":"FSA 45"},"content":{"rendered":"<p>Tensi\u00f3n nominal 18 V<br \/>\nNivel de presi\u00f3n sonora 77 dB(A) 1)<br \/>\nNivel de potencia ac\u00fastica 87 dB(A)<br \/>\nValor de vibraciones, izquierda 1,7 m\/s\u00b2 2)<br \/>\nValor de vibraciones, derecha 4,9 m\/s\u00b2 2)<\/p>\n","protected":false},"excerpt":{"rendered":"<h6>Guada\u00f1a con bater\u00eda integrada<br \/>\nComo modelo b\u00e1sico, la motoguada\u00f1a a bater\u00eda STIHL FSA 45 es ideal para trabajos de poda y limpieza en el jard\u00edn de su casa y espacios dom\u00e9sticos al aire libre. El cortac\u00e9sped dispone de una bater\u00eda de iones de litio integrada permanentemente, cuyo nivel de carga se puede leer directamente en el aparato mediante varios LED. Puede cargar la bater\u00eda cuando sea necesario utilizando el cable suministrado. El motor el\u00e9ctrico funciona tan silenciosamente que no es necesario usar protecci\u00f3n auditiva durante el uso, lo que hace que esta motoguada\u00f1a sea ideal para uso en \u00e1reas sensibles al ruido.<\/h6>\n","protected":false},"featured_media":15001,"comment_status":"open","ping_status":"closed","template":"","meta":{"_joinchat":[]},"product_brand":[],"product_cat":[104,62],"product_tag":[105],"class_list":{"0":"post-15000","1":"product","2":"type-product","3":"status-publish","4":"has-post-thumbnail","6":"product_cat-guadanas-a-bateria","7":"product_cat-stihl","8":"product_tag-guadana-bateria-fsa-45","10":"first","11":"outofstock","12":"shipping-taxable","13":"product-type-variable","14":"add-to-wishlist-after_add_to_cart"},"_links":{"self":[{"href":"https:\/\/www.importadoramundialferretera.com\/Inicio\/wp-json\/wp\/v2\/product\/15000","targetHints":{"allow":["GET"]}}],"collection":[{"href":"https:\/\/www.importadoramundialferretera.com\/Inicio\/wp-json\/wp\/v2\/product"}],"about":[{"href":"https:\/\/www.importadoramundialferretera.com\/Inicio\/wp-json\/wp\/v2\/types\/product"}],"replies":[{"embeddable":true,"href":"https:\/\/www.importadoramundialferretera.com\/Inicio\/wp-json\/wp\/v2\/comments?post=15000"}],"version-history":[{"count":1,"href":"https:\/\/www.importadoramundialferretera.com\/Inicio\/wp-json\/wp\/v2\/product\/15000\/revisions"}],"predecessor-version":[{"id":15004,"href":"https:\/\/www.importadoramundialferretera.com\/Inicio\/wp-json\/wp\/v2\/product\/15000\/revisions\/15004"}],"wp:featuredmedia":[{"embeddable":true,"href":"https:\/\/www.importadoramundialferretera.com\/Inicio\/wp-json\/wp\/v2\/media\/15001"}],"wp:attachment":[{"href":"https:\/\/www.importadoramundialferretera.com\/Inicio\/wp-json\/wp\/v2\/media?parent=15000"}],"wp:term":[{"taxonomy":"product_brand","embeddable":true,"href":"https:\/\/www.importadoramundialferretera.com\/Inicio\/wp-json\/wp\/v2\/product_brand?post=15000"},{"taxonomy":"product_cat","embeddable":true,"href":"https:\/\/www.importadoramundialferretera.com\/Inicio\/wp-json\/wp\/v2\/product_cat?post=15000"},{"taxonomy":"product_tag","embeddable":true,"href":"https:\/\/www.importadoramundialferretera.com\/Inicio\/wp-json\/wp\/v2\/product_tag?post=15000"}],"curies":[{"name":"wp","href":"https:\/\/api.w.org\/{rel}","templated":true}]}}