{"id":14992,"date":"2024-08-05T18:32:12","date_gmt":"2024-08-05T18:32:12","guid":{"rendered":"https:\/\/www.importadoramundialferretera.com\/Inicio\/?post_type=product&#038;p=14992"},"modified":"2024-10-02T20:02:23","modified_gmt":"2024-10-02T20:02:23","slug":"fs-460","status":"publish","type":"product","link":"https:\/\/www.importadoramundialferretera.com\/Inicio\/product\/fs-460\/","title":{"rendered":"FS 460"},"content":{"rendered":"<p>Cilindrada 45,6 cm\u00b3<br \/>\nPotencia 2,2 kW<br \/>\nPotencia 3 PS<br \/>\nPotencia 3 bhp<br \/>\nPeso 8,4 kg 1)<\/p>\n","protected":false},"excerpt":{"rendered":"<h5>El motor STIHL 2-MIX de 2,2 kW (3,0 CV) de la motoguada\u00f1a a gasolina STIHL FS 460 le proporciona un excelente rendimiento de corte, mientras que la robusta cuchilla para cepillos STIHL 300-3 suministrada de serie puedes abordar tareas sin esfuerzo. Esta motoguada\u00f1a a gasolina est\u00e1 equipada con STIHL ErgoStart para facilitar el arranque. STIHL M-Tronic tambi\u00e9n ofrece un rendimiento \u00f3ptimo del motor y una velocidad m\u00e1xima constante para esta herramienta el\u00e9ctrica. El FS 460 est\u00e1 equipado con un mango tipo bicicleta ergon\u00f3mico que permite un movimiento natural de corte, lo que significa que puedes trabajar c\u00f3modamente incluso durante per\u00edodos de tiempo m\u00e1s largos. Adem\u00e1s cuenta con el sistema antivibraciones STIHL para aliviar tus m\u00fasculos y articulaciones. El empu\u00f1adura multifunci\u00f3n con una sola mano se puede utilizar para operar todas las funciones de control del motor, lo que facilita su trabajo.<\/h5>\n","protected":false},"featured_media":14980,"comment_status":"open","ping_status":"closed","template":"","meta":{"_joinchat":[]},"product_brand":[],"product_cat":[94,62],"product_tag":[103],"class_list":{"0":"post-14992","1":"product","2":"type-product","3":"status-publish","4":"has-post-thumbnail","6":"product_cat-guadanas-stihll","7":"product_cat-stihl","8":"product_tag-guadana-fs-460","10":"first","11":"outofstock","12":"shipping-taxable","13":"product-type-variable","14":"add-to-wishlist-after_add_to_cart"},"_links":{"self":[{"href":"https:\/\/www.importadoramundialferretera.com\/Inicio\/wp-json\/wp\/v2\/product\/14992","targetHints":{"allow":["GET"]}}],"collection":[{"href":"https:\/\/www.importadoramundialferretera.com\/Inicio\/wp-json\/wp\/v2\/product"}],"about":[{"href":"https:\/\/www.importadoramundialferretera.com\/Inicio\/wp-json\/wp\/v2\/types\/product"}],"replies":[{"embeddable":true,"href":"https:\/\/www.importadoramundialferretera.com\/Inicio\/wp-json\/wp\/v2\/comments?post=14992"}],"version-history":[{"count":1,"href":"https:\/\/www.importadoramundialferretera.com\/Inicio\/wp-json\/wp\/v2\/product\/14992\/revisions"}],"predecessor-version":[{"id":14993,"href":"https:\/\/www.importadoramundialferretera.com\/Inicio\/wp-json\/wp\/v2\/product\/14992\/revisions\/14993"}],"wp:featuredmedia":[{"embeddable":true,"href":"https:\/\/www.importadoramundialferretera.com\/Inicio\/wp-json\/wp\/v2\/media\/14980"}],"wp:attachment":[{"href":"https:\/\/www.importadoramundialferretera.com\/Inicio\/wp-json\/wp\/v2\/media?parent=14992"}],"wp:term":[{"taxonomy":"product_brand","embeddable":true,"href":"https:\/\/www.importadoramundialferretera.com\/Inicio\/wp-json\/wp\/v2\/product_brand?post=14992"},{"taxonomy":"product_cat","embeddable":true,"href":"https:\/\/www.importadoramundialferretera.com\/Inicio\/wp-json\/wp\/v2\/product_cat?post=14992"},{"taxonomy":"product_tag","embeddable":true,"href":"https:\/\/www.importadoramundialferretera.com\/Inicio\/wp-json\/wp\/v2\/product_tag?post=14992"}],"curies":[{"name":"wp","href":"https:\/\/api.w.org\/{rel}","templated":true}]}}