{"id":14988,"date":"2024-08-05T18:24:15","date_gmt":"2024-08-05T18:24:15","guid":{"rendered":"https:\/\/www.importadoramundialferretera.com\/Inicio\/?post_type=product&#038;p=14988"},"modified":"2024-08-05T18:25:53","modified_gmt":"2024-08-05T18:25:53","slug":"fs-291","status":"publish","type":"product","link":"https:\/\/www.importadoramundialferretera.com\/Inicio\/product\/fs-291\/","title":{"rendered":"FS 291"},"content":{"rendered":"<p>Cilindrada 41,6 cm\u00b3<br \/>\nPotencia 2 kW<br \/>\nPotencia 2,7 PS<br \/>\nPotencia 2,7 bhp<br \/>\nPeso 8,1 kg 1)<\/p>\n","protected":false},"excerpt":{"rendered":"<h5>La versatilidad y robustez de la potente desbrozadora STIHL FS 291 L le ayuda en sus trabajos de horticultura, paisajismo y agricultura. Esta desbrozadora est\u00e1 equipada con un eje extendido para una m\u00e1xima comodidad al trabajar. Con esta desbrozadora de gasolina, puede cortar o eliminar arbustos y malezas de manera r\u00e1pida y eficiente.<\/h5>\n","protected":false},"featured_media":14977,"comment_status":"open","ping_status":"closed","template":"","meta":{"_joinchat":[]},"product_brand":[],"product_cat":[94,62],"product_tag":[101],"class_list":{"0":"post-14988","1":"product","2":"type-product","3":"status-publish","4":"has-post-thumbnail","6":"product_cat-guadanas-stihll","7":"product_cat-stihl","8":"product_tag-guadana-fs-291","10":"first","11":"instock","12":"shipping-taxable","13":"product-type-simple","14":"add-to-wishlist-after_add_to_cart"},"_links":{"self":[{"href":"https:\/\/www.importadoramundialferretera.com\/Inicio\/wp-json\/wp\/v2\/product\/14988","targetHints":{"allow":["GET"]}}],"collection":[{"href":"https:\/\/www.importadoramundialferretera.com\/Inicio\/wp-json\/wp\/v2\/product"}],"about":[{"href":"https:\/\/www.importadoramundialferretera.com\/Inicio\/wp-json\/wp\/v2\/types\/product"}],"replies":[{"embeddable":true,"href":"https:\/\/www.importadoramundialferretera.com\/Inicio\/wp-json\/wp\/v2\/comments?post=14988"}],"version-history":[{"count":1,"href":"https:\/\/www.importadoramundialferretera.com\/Inicio\/wp-json\/wp\/v2\/product\/14988\/revisions"}],"predecessor-version":[{"id":14989,"href":"https:\/\/www.importadoramundialferretera.com\/Inicio\/wp-json\/wp\/v2\/product\/14988\/revisions\/14989"}],"wp:featuredmedia":[{"embeddable":true,"href":"https:\/\/www.importadoramundialferretera.com\/Inicio\/wp-json\/wp\/v2\/media\/14977"}],"wp:attachment":[{"href":"https:\/\/www.importadoramundialferretera.com\/Inicio\/wp-json\/wp\/v2\/media?parent=14988"}],"wp:term":[{"taxonomy":"product_brand","embeddable":true,"href":"https:\/\/www.importadoramundialferretera.com\/Inicio\/wp-json\/wp\/v2\/product_brand?post=14988"},{"taxonomy":"product_cat","embeddable":true,"href":"https:\/\/www.importadoramundialferretera.com\/Inicio\/wp-json\/wp\/v2\/product_cat?post=14988"},{"taxonomy":"product_tag","embeddable":true,"href":"https:\/\/www.importadoramundialferretera.com\/Inicio\/wp-json\/wp\/v2\/product_tag?post=14988"}],"curies":[{"name":"wp","href":"https:\/\/api.w.org\/{rel}","templated":true}]}}