{"id":14965,"date":"2024-08-03T17:01:00","date_gmt":"2024-08-03T17:01:00","guid":{"rendered":"https:\/\/www.importadoramundialferretera.com\/Inicio\/?post_type=product&#038;p=14965"},"modified":"2024-10-05T15:56:55","modified_gmt":"2024-10-05T15:56:55","slug":"fs-120r","status":"publish","type":"product","link":"https:\/\/www.importadoramundialferretera.com\/Inicio\/product\/fs-120r\/","title":{"rendered":"FS 120R"},"content":{"rendered":"<p>Cilindrada 30,8 cm\u00b3<br \/>\nPotencia 1,3 kW<br \/>\nPotencia 1,8 PS<br \/>\nPotencia 1,7 bhp<br \/>\nPeso 6 kg 1)<\/p>\n","protected":false},"excerpt":{"rendered":"<h5>Guada\u00f1a manillar cerrado con un equilibrio perfecto y una excelente relaci\u00f3n potencia-peso, es ideal para el desbroce profesional. Un eje de transmisi\u00f3n r\u00edgido garantiza el m\u00e1ximo rendimiento durante todo el d\u00eda. Elastostart garantiza una f\u00e1cil puesta en marcha y un sistema de filtro de larga duraci\u00f3n, con compensador y autolimpieza, alarga considerablemente los intervalos entre limpiezas.<\/h5>\n","protected":false},"featured_media":14948,"comment_status":"open","ping_status":"closed","template":"","meta":{"_joinchat":[]},"product_brand":[],"product_cat":[94,62],"product_tag":[],"class_list":{"0":"post-14965","1":"product","2":"type-product","3":"status-publish","4":"has-post-thumbnail","6":"product_cat-guadanas-stihll","7":"product_cat-stihl","9":"first","10":"instock","11":"shipping-taxable","12":"product-type-simple","13":"add-to-wishlist-after_add_to_cart"},"_links":{"self":[{"href":"https:\/\/www.importadoramundialferretera.com\/Inicio\/wp-json\/wp\/v2\/product\/14965","targetHints":{"allow":["GET"]}}],"collection":[{"href":"https:\/\/www.importadoramundialferretera.com\/Inicio\/wp-json\/wp\/v2\/product"}],"about":[{"href":"https:\/\/www.importadoramundialferretera.com\/Inicio\/wp-json\/wp\/v2\/types\/product"}],"replies":[{"embeddable":true,"href":"https:\/\/www.importadoramundialferretera.com\/Inicio\/wp-json\/wp\/v2\/comments?post=14965"}],"version-history":[{"count":3,"href":"https:\/\/www.importadoramundialferretera.com\/Inicio\/wp-json\/wp\/v2\/product\/14965\/revisions"}],"predecessor-version":[{"id":16918,"href":"https:\/\/www.importadoramundialferretera.com\/Inicio\/wp-json\/wp\/v2\/product\/14965\/revisions\/16918"}],"wp:featuredmedia":[{"embeddable":true,"href":"https:\/\/www.importadoramundialferretera.com\/Inicio\/wp-json\/wp\/v2\/media\/14948"}],"wp:attachment":[{"href":"https:\/\/www.importadoramundialferretera.com\/Inicio\/wp-json\/wp\/v2\/media?parent=14965"}],"wp:term":[{"taxonomy":"product_brand","embeddable":true,"href":"https:\/\/www.importadoramundialferretera.com\/Inicio\/wp-json\/wp\/v2\/product_brand?post=14965"},{"taxonomy":"product_cat","embeddable":true,"href":"https:\/\/www.importadoramundialferretera.com\/Inicio\/wp-json\/wp\/v2\/product_cat?post=14965"},{"taxonomy":"product_tag","embeddable":true,"href":"https:\/\/www.importadoramundialferretera.com\/Inicio\/wp-json\/wp\/v2\/product_tag?post=14965"}],"curies":[{"name":"wp","href":"https:\/\/api.w.org\/{rel}","templated":true}]}}