{"id":14963,"date":"2024-08-03T16:55:56","date_gmt":"2024-08-03T16:55:56","guid":{"rendered":"https:\/\/www.importadoramundialferretera.com\/Inicio\/?post_type=product&#038;p=14963"},"modified":"2024-10-05T15:55:40","modified_gmt":"2024-10-05T15:55:40","slug":"fs-120","status":"publish","type":"product","link":"https:\/\/www.importadoramundialferretera.com\/Inicio\/product\/fs-120\/","title":{"rendered":"FS 120"},"content":{"rendered":"<p>Cilindrada 30,8 cm\u00b3<br \/>\nPotencia 1,3 kW<br \/>\nPotencia 1,8 PS<br \/>\nPotencia 1,7 bhp<br \/>\nPeso 6,3 kg 1)<\/p>\n","protected":false},"excerpt":{"rendered":"<h5>Robusta Motoguada\u00f1a con motor de gran aceleraci\u00f3n. Manillar abierto para un manejo de la m\u00e1quina ergon\u00f3mico y sin esfuerzo.<\/h5>\n","protected":false},"featured_media":14947,"comment_status":"open","ping_status":"closed","template":"","meta":{"_joinchat":[]},"product_brand":[],"product_cat":[94,62],"product_tag":[96],"class_list":{"0":"post-14963","1":"product","2":"type-product","3":"status-publish","4":"has-post-thumbnail","6":"product_cat-guadanas-stihll","7":"product_cat-stihl","8":"product_tag-guadana-fs-120","10":"first","11":"instock","12":"shipping-taxable","13":"product-type-simple","14":"add-to-wishlist-after_add_to_cart"},"_links":{"self":[{"href":"https:\/\/www.importadoramundialferretera.com\/Inicio\/wp-json\/wp\/v2\/product\/14963","targetHints":{"allow":["GET"]}}],"collection":[{"href":"https:\/\/www.importadoramundialferretera.com\/Inicio\/wp-json\/wp\/v2\/product"}],"about":[{"href":"https:\/\/www.importadoramundialferretera.com\/Inicio\/wp-json\/wp\/v2\/types\/product"}],"replies":[{"embeddable":true,"href":"https:\/\/www.importadoramundialferretera.com\/Inicio\/wp-json\/wp\/v2\/comments?post=14963"}],"version-history":[{"count":1,"href":"https:\/\/www.importadoramundialferretera.com\/Inicio\/wp-json\/wp\/v2\/product\/14963\/revisions"}],"predecessor-version":[{"id":14964,"href":"https:\/\/www.importadoramundialferretera.com\/Inicio\/wp-json\/wp\/v2\/product\/14963\/revisions\/14964"}],"wp:featuredmedia":[{"embeddable":true,"href":"https:\/\/www.importadoramundialferretera.com\/Inicio\/wp-json\/wp\/v2\/media\/14947"}],"wp:attachment":[{"href":"https:\/\/www.importadoramundialferretera.com\/Inicio\/wp-json\/wp\/v2\/media?parent=14963"}],"wp:term":[{"taxonomy":"product_brand","embeddable":true,"href":"https:\/\/www.importadoramundialferretera.com\/Inicio\/wp-json\/wp\/v2\/product_brand?post=14963"},{"taxonomy":"product_cat","embeddable":true,"href":"https:\/\/www.importadoramundialferretera.com\/Inicio\/wp-json\/wp\/v2\/product_cat?post=14963"},{"taxonomy":"product_tag","embeddable":true,"href":"https:\/\/www.importadoramundialferretera.com\/Inicio\/wp-json\/wp\/v2\/product_tag?post=14963"}],"curies":[{"name":"wp","href":"https:\/\/api.w.org\/{rel}","templated":true}]}}