{"id":91,"date":"2021-02-27T15:21:49","date_gmt":"2021-02-27T15:21:49","guid":{"rendered":"http:\/\/mygoalthemes.com\/demo\/medil\/?page_id=91"},"modified":"2024-10-29T18:46:56","modified_gmt":"2024-10-29T18:46:56","slug":"about","status":"publish","type":"page","link":"https:\/\/www.importadoramundialferretera.com\/Inicio\/about\/","title":{"rendered":"Nosotros"},"content":{"rendered":"\t\t<div data-elementor-type=\"wp-page\" data-elementor-id=\"91\" class=\"elementor elementor-91\">\n\t\t\t\t<div class=\"elementor-element elementor-element-410447d e-flex e-con-boxed e-con e-parent\" data-id=\"410447d\" data-element_type=\"container\" data-e-type=\"container\">\n\t\t\t\t\t<div class=\"e-con-inner\">\n\t\t<div class=\"elementor-element elementor-element-32c58f9 e-con-full e-flex e-con e-child\" data-id=\"32c58f9\" data-element_type=\"container\" data-e-type=\"container\">\n\t\t\t\t<div class=\"elementor-element elementor-element-b114521 elementor-widget elementor-widget-text-editor\" data-id=\"b114521\" data-element_type=\"widget\" data-e-type=\"widget\" data-widget_type=\"text-editor.default\">\n\t\t\t\t<div class=\"elementor-widget-container\">\n\t\t\t\t\t\t\t\t\t<h3>Historia<\/h3><p>Importadora Mundial Ferretera Fue fundada en 2003, dedicada a la Importaci\u00f3n y Distribucion de productos ferreteros.<\/p><p>Importamos mercanc\u00eda de alta calidad,\u00a0 con el prop\u00f3sito de brindar m\u00e1s opciones dentro del mercado ferretero a nivel nacional.<\/p><p>Contamos con la experiencia y trayectoria que su negocio necesita lo que nos convierte en un aliado estrategico de nuestros clientes.\u00a0<\/p>\t\t\t\t\t\t\t\t<\/div>\n\t\t\t\t<\/div>\n\t\t\t\t<\/div>\n\t\t<div class=\"elementor-element elementor-element-5060244 e-con-full e-flex e-con e-child\" data-id=\"5060244\" data-element_type=\"container\" data-e-type=\"container\">\n\t\t\t\t<div class=\"elementor-element elementor-element-bf95909 elementor-widget elementor-widget-image\" data-id=\"bf95909\" data-element_type=\"widget\" data-e-type=\"widget\" data-widget_type=\"image.default\">\n\t\t\t\t<div class=\"elementor-widget-container\">\n\t\t\t\t\t\t\t\t\t\t\t\t\t\t\t<img fetchpriority=\"high\" decoding=\"async\" width=\"660\" height=\"420\" src=\"https:\/\/www.importadoramundialferretera.com\/Inicio\/wp-content\/uploads\/2024\/07\/importadora.jpg\" class=\"attachment-large size-large wp-image-14454\" alt=\"\" srcset=\"https:\/\/www.importadoramundialferretera.com\/Inicio\/wp-content\/uploads\/2024\/07\/importadora.jpg 953w, https:\/\/www.importadoramundialferretera.com\/Inicio\/wp-content\/uploads\/2024\/07\/importadora-300x191.jpg 300w, https:\/\/www.importadoramundialferretera.com\/Inicio\/wp-content\/uploads\/2024\/07\/importadora-768x489.jpg 768w, https:\/\/www.importadoramundialferretera.com\/Inicio\/wp-content\/uploads\/2024\/07\/importadora-600x382.jpg 600w\" sizes=\"(max-width: 660px) 100vw, 660px\" \/>\t\t\t\t\t\t\t\t\t\t\t\t\t\t\t<\/div>\n\t\t\t\t<\/div>\n\t\t\t\t<\/div>\n\t\t\t\t\t<\/div>\n\t\t\t\t<\/div>\n\t\t\t\t<section class=\"elementor-section elementor-top-section elementor-element elementor-element-696b6e1 elementor-section-boxed elementor-section-height-default elementor-section-height-default\" data-id=\"696b6e1\" data-element_type=\"section\" data-e-type=\"section\">\n\t\t\t\t\t\t<div class=\"elementor-container elementor-column-gap-default\">\n\t\t\t\t\t<div class=\"elementor-column elementor-col-100 elementor-top-column elementor-element elementor-element-fca68f3\" data-id=\"fca68f3\" data-element_type=\"column\" data-e-type=\"column\">\n\t\t\t<div class=\"elementor-widget-wrap elementor-element-populated\">\n\t\t\t\t\t\t<section class=\"elementor-section elementor-inner-section elementor-element elementor-element-947c83d elementor-section-boxed elementor-section-height-default elementor-section-height-default\" data-id=\"947c83d\" data-element_type=\"section\" data-e-type=\"section\">\n\t\t\t\t\t\t<div class=\"elementor-container elementor-column-gap-default\">\n\t\t\t\t\t<div class=\"elementor-column elementor-col-33 elementor-inner-column elementor-element elementor-element-ff9a70d\" data-id=\"ff9a70d\" data-element_type=\"column\" data-e-type=\"column\">\n\t\t\t<div class=\"elementor-widget-wrap elementor-element-populated\">\n\t\t\t\t\t\t<div class=\"elementor-element elementor-element-d45e4a5 elementor-widget elementor-widget-heading\" data-id=\"d45e4a5\" data-element_type=\"widget\" data-e-type=\"widget\" data-widget_type=\"heading.default\">\n\t\t\t\t<div class=\"elementor-widget-container\">\n\t\t\t\t\t<h2 class=\"elementor-heading-title elementor-size-default\">Mision <\/h2>\t\t\t\t<\/div>\n\t\t\t\t<\/div>\n\t\t\t\t<div class=\"elementor-element elementor-element-c4a1566 elementor-widget elementor-widget-text-editor\" data-id=\"c4a1566\" data-element_type=\"widget\" data-e-type=\"widget\" data-widget_type=\"text-editor.default\">\n\t\t\t\t<div class=\"elementor-widget-container\">\n\t\t\t\t\t\t\t\t\t<p><span style=\"background-color: #f8f8f8; color: #777777; font-family: Hind, Arial, Helvetica, sans-serif; font-size: 16px;\">Proveer a nuestros clientes con una amplia gama de productos de ferreter\u00eda de alta calidad, importados de los mejores fabricantes internacionales. Nos comprometemos a ofrecer soluciones innovadoras y eficientes que satisfagan las necesidades de nuestros clientes, garantizando un servicio excepcional y precios competitivos.\u00a0asequibles.<\/span><\/p>\t\t\t\t\t\t\t\t<\/div>\n\t\t\t\t<\/div>\n\t\t\t\t\t<\/div>\n\t\t<\/div>\n\t\t\t\t<div class=\"elementor-column elementor-col-33 elementor-inner-column elementor-element elementor-element-3571e02\" data-id=\"3571e02\" data-element_type=\"column\" data-e-type=\"column\">\n\t\t\t<div class=\"elementor-widget-wrap\">\n\t\t\t\t\t\t\t<\/div>\n\t\t<\/div>\n\t\t\t\t<div class=\"elementor-column elementor-col-33 elementor-inner-column elementor-element elementor-element-86d8ab4\" data-id=\"86d8ab4\" data-element_type=\"column\" data-e-type=\"column\">\n\t\t\t<div class=\"elementor-widget-wrap elementor-element-populated\">\n\t\t\t\t\t\t<div class=\"elementor-element elementor-element-52864c7 elementor-widget elementor-widget-heading\" data-id=\"52864c7\" data-element_type=\"widget\" data-e-type=\"widget\" data-widget_type=\"heading.default\">\n\t\t\t\t<div class=\"elementor-widget-container\">\n\t\t\t\t\t<h2 class=\"elementor-heading-title elementor-size-default\">Vision<\/h2>\t\t\t\t<\/div>\n\t\t\t\t<\/div>\n\t\t\t\t<div class=\"elementor-element elementor-element-a2ff87f elementor-widget elementor-widget-text-editor\" data-id=\"a2ff87f\" data-element_type=\"widget\" data-e-type=\"widget\" data-widget_type=\"text-editor.default\">\n\t\t\t\t<div class=\"elementor-widget-container\">\n\t\t\t\t\t\t\t\t\t<p>Convertirnos en el l\u00edder del mercado de importaci\u00f3n ferretera, siendo reconocidos por nuestra innovaci\u00f3n, calidad y servicio al cliente excepcional. Aspiramos a expandir nuestras operaciones a nivel nacional e internacional, ofreciendo una amplia gama de productos que satisfagan las necesidades cambiantes de nuestros clientes.&nbsp;<\/p>\t\t\t\t\t\t\t\t<\/div>\n\t\t\t\t<\/div>\n\t\t\t\t\t<\/div>\n\t\t<\/div>\n\t\t\t\t\t<\/div>\n\t\t<\/section>\n\t\t\t\t\t<\/div>\n\t\t<\/div>\n\t\t\t\t\t<\/div>\n\t\t<\/section>\n\t\t\t\t<section class=\"elementor-section elementor-top-section elementor-element elementor-element-745fb5b elementor-section-stretched elementor-section-boxed elementor-section-height-default elementor-section-height-default\" data-id=\"745fb5b\" data-element_type=\"section\" data-e-type=\"section\" data-settings=\"{&quot;stretch_section&quot;:&quot;section-stretched&quot;,&quot;background_background&quot;:&quot;classic&quot;}\">\n\t\t\t\t\t\t<div class=\"elementor-container elementor-column-gap-default\">\n\t\t\t\t\t<div class=\"elementor-column elementor-col-100 elementor-top-column elementor-element elementor-element-086af37\" data-id=\"086af37\" data-element_type=\"column\" data-e-type=\"column\">\n\t\t\t<div class=\"elementor-widget-wrap elementor-element-populated\">\n\t\t\t\t\t\t<section class=\"elementor-section elementor-inner-section elementor-element elementor-element-b652eb9 elementor-section-boxed elementor-section-height-default elementor-section-height-default\" data-id=\"b652eb9\" data-element_type=\"section\" data-e-type=\"section\">\n\t\t\t\t\t\t<div class=\"elementor-container elementor-column-gap-default\">\n\t\t\t\t\t<div class=\"elementor-column elementor-col-100 elementor-inner-column elementor-element elementor-element-858c287\" data-id=\"858c287\" data-element_type=\"column\" data-e-type=\"column\">\n\t\t\t<div class=\"elementor-widget-wrap elementor-element-populated\">\n\t\t\t\t\t\t<div class=\"elementor-element elementor-element-ad185f5 elementor-widget elementor-widget-heading\" data-id=\"ad185f5\" data-element_type=\"widget\" data-e-type=\"widget\" data-widget_type=\"heading.default\">\n\t\t\t\t<div class=\"elementor-widget-container\">\n\t\t\t\t\t<h2 class=\"elementor-heading-title elementor-size-default\">Nuestro Equipo de Trabajo<\/h2>\t\t\t\t<\/div>\n\t\t\t\t<\/div>\n\t\t\t\t\t<\/div>\n\t\t<\/div>\n\t\t\t\t\t<\/div>\n\t\t<\/section>\n\t\t\t\t<section class=\"elementor-section elementor-inner-section elementor-element elementor-element-9387ca2 elementor-section-boxed elementor-section-height-default elementor-section-height-default\" data-id=\"9387ca2\" data-element_type=\"section\" data-e-type=\"section\">\n\t\t\t\t\t\t<div class=\"elementor-container elementor-column-gap-default\">\n\t\t\t\t\t<div class=\"elementor-column elementor-col-50 elementor-inner-column elementor-element elementor-element-b12fad2\" data-id=\"b12fad2\" data-element_type=\"column\" data-e-type=\"column\">\n\t\t\t<div class=\"elementor-widget-wrap elementor-element-populated\">\n\t\t\t\t\t\t<div class=\"elementor-element elementor-element-f76813f elementor-widget elementor-widget-elecgreen_team\" data-id=\"f76813f\" data-element_type=\"widget\" data-e-type=\"widget\" data-widget_type=\"elecgreen_team.default\">\n\t\t\t\t<div class=\"elementor-widget-container\">\n\t\t\t\t\t        <div class=\"widget widget-team \">\n            <div class=\"top-image\">\n                                    <div class=\"team-image\">\n                        <div class=\"image-wrapper\"><img decoding=\"async\" width=\"300\" height=\"453\" src=\"data:image\/svg+xml;charset=utf-8,%3Csvg%20xmlns%3D&#039;http%3A%2F%2Fwww.w3.org%2F2000%2Fsvg&#039;%20viewBox%3D&#039;0%200%20300%20453&#039;%2F%3E\" class=\"attachment-full size-full unveil-image\" alt=\"\" data-src=\"https:\/\/www.importadoramundialferretera.com\/Inicio\/wp-content\/uploads\/2024\/08\/stevenpng.png\" data-srcset=\"https:\/\/www.importadoramundialferretera.com\/Inicio\/wp-content\/uploads\/2024\/08\/stevenpng.png 300w, https:\/\/www.importadoramundialferretera.com\/Inicio\/wp-content\/uploads\/2024\/08\/stevenpng-199x300.png 199w\" data-sizes=\"(max-width: 300px) 100vw, 300px\" \/><\/div>                    <\/div>\n                                <ul class=\"social\">\n                                    <li>\n                        <a href=\"\" title=\"Social Title\">\n                            \n                            \n                            <svg class=\"e-font-icon-svg e-fab-whatsapp\" viewBox=\"0 0 448 512\" xmlns=\"http:\/\/www.w3.org\/2000\/svg\"><path d=\"M380.9 97.1C339 55.1 283.2 32 223.9 32c-122.4 0-222 99.6-222 222 0 39.1 10.2 77.3 29.6 111L0 480l117.7-30.9c32.4 17.7 68.9 27 106.1 27h.1c122.3 0 224.1-99.6 224.1-222 0-59.3-25.2-115-67.1-157zm-157 341.6c-33.2 0-65.7-8.9-94-25.7l-6.7-4-69.8 18.3L72 359.2l-4.4-7c-18.5-29.4-28.2-63.3-28.2-98.2 0-101.7 82.8-184.5 184.6-184.5 49.3 0 95.6 19.2 130.4 54.1 34.8 34.9 56.2 81.2 56.1 130.5 0 101.8-84.9 184.6-186.6 184.6zm101.2-138.2c-5.5-2.8-32.8-16.2-37.9-18-5.1-1.9-8.8-2.8-12.5 2.8-3.7 5.6-14.3 18-17.6 21.8-3.2 3.7-6.5 4.2-12 1.4-32.6-16.3-54-29.1-75.5-66-5.7-9.8 5.7-9.1 16.3-30.3 1.8-3.7.9-6.9-.5-9.7-1.4-2.8-12.5-30.1-17.1-41.2-4.5-10.8-9.1-9.3-12.5-9.5-3.2-.2-6.9-.2-10.6-.2-3.7 0-9.7 1.4-14.8 6.9-5.1 5.6-19.4 19-19.4 46.3 0 27.3 19.9 53.7 22.6 57.4 2.8 3.7 39.1 59.7 94.8 83.8 35.2 15.2 49 16.5 66.6 13.9 10.7-1.6 32.8-13.4 37.4-26.4 4.6-13 4.6-24.1 3.2-26.4-1.3-2.5-5-3.9-10.5-6.6z\"><\/path><\/svg>                        <\/a>\n                    <\/li>\n                            <\/ul>\n            <\/div>\n            <div class=\"content\">\n                                    <h3 class=\"name-team\">STEVEN SANCHEZ<\/h3>\n                                                    <div class=\"job\">Asesor<\/div>\n                            <\/div>\n            \n        <\/div>\n        \t\t\t\t<\/div>\n\t\t\t\t<\/div>\n\t\t\t\t\t<\/div>\n\t\t<\/div>\n\t\t\t\t<div class=\"elementor-column elementor-col-50 elementor-inner-column elementor-element elementor-element-e01a1ed\" data-id=\"e01a1ed\" data-element_type=\"column\" data-e-type=\"column\">\n\t\t\t<div class=\"elementor-widget-wrap elementor-element-populated\">\n\t\t\t\t\t\t<div class=\"elementor-element elementor-element-33dc4e3 elementor-widget elementor-widget-elecgreen_team\" data-id=\"33dc4e3\" data-element_type=\"widget\" data-e-type=\"widget\" data-widget_type=\"elecgreen_team.default\">\n\t\t\t\t<div class=\"elementor-widget-container\">\n\t\t\t\t\t        <div class=\"widget widget-team \">\n            <div class=\"top-image\">\n                                    <div class=\"team-image\">\n                        <div class=\"image-wrapper\"><img decoding=\"async\" width=\"300\" height=\"453\" src=\"data:image\/svg+xml;charset=utf-8,%3Csvg%20xmlns%3D&#039;http%3A%2F%2Fwww.w3.org%2F2000%2Fsvg&#039;%20viewBox%3D&#039;0%200%20300%20453&#039;%2F%3E\" class=\"attachment-full size-full unveil-image\" alt=\"\" data-src=\"https:\/\/www.importadoramundialferretera.com\/Inicio\/wp-content\/uploads\/2024\/08\/pedro.jpg\" data-srcset=\"https:\/\/www.importadoramundialferretera.com\/Inicio\/wp-content\/uploads\/2024\/08\/pedro.jpg 300w, https:\/\/www.importadoramundialferretera.com\/Inicio\/wp-content\/uploads\/2024\/08\/pedro-199x300.jpg 199w\" data-sizes=\"(max-width: 300px) 100vw, 300px\" \/><\/div>                    <\/div>\n                                <ul class=\"social\">\n                                    <li>\n                        <a href=\"\" title=\"Social Title\">\n                            \n                            \n                            <svg class=\"e-font-icon-svg e-fab-whatsapp\" viewBox=\"0 0 448 512\" xmlns=\"http:\/\/www.w3.org\/2000\/svg\"><path d=\"M380.9 97.1C339 55.1 283.2 32 223.9 32c-122.4 0-222 99.6-222 222 0 39.1 10.2 77.3 29.6 111L0 480l117.7-30.9c32.4 17.7 68.9 27 106.1 27h.1c122.3 0 224.1-99.6 224.1-222 0-59.3-25.2-115-67.1-157zm-157 341.6c-33.2 0-65.7-8.9-94-25.7l-6.7-4-69.8 18.3L72 359.2l-4.4-7c-18.5-29.4-28.2-63.3-28.2-98.2 0-101.7 82.8-184.5 184.6-184.5 49.3 0 95.6 19.2 130.4 54.1 34.8 34.9 56.2 81.2 56.1 130.5 0 101.8-84.9 184.6-186.6 184.6zm101.2-138.2c-5.5-2.8-32.8-16.2-37.9-18-5.1-1.9-8.8-2.8-12.5 2.8-3.7 5.6-14.3 18-17.6 21.8-3.2 3.7-6.5 4.2-12 1.4-32.6-16.3-54-29.1-75.5-66-5.7-9.8 5.7-9.1 16.3-30.3 1.8-3.7.9-6.9-.5-9.7-1.4-2.8-12.5-30.1-17.1-41.2-4.5-10.8-9.1-9.3-12.5-9.5-3.2-.2-6.9-.2-10.6-.2-3.7 0-9.7 1.4-14.8 6.9-5.1 5.6-19.4 19-19.4 46.3 0 27.3 19.9 53.7 22.6 57.4 2.8 3.7 39.1 59.7 94.8 83.8 35.2 15.2 49 16.5 66.6 13.9 10.7-1.6 32.8-13.4 37.4-26.4 4.6-13 4.6-24.1 3.2-26.4-1.3-2.5-5-3.9-10.5-6.6z\"><\/path><\/svg>                        <\/a>\n                    <\/li>\n                            <\/ul>\n            <\/div>\n            <div class=\"content\">\n                                    <h3 class=\"name-team\">PEDRO MARI\u00d1O<\/h3>\n                                                    <div class=\"job\">Asesor<\/div>\n                            <\/div>\n            \n        <\/div>\n        \t\t\t\t<\/div>\n\t\t\t\t<\/div>\n\t\t\t\t\t<\/div>\n\t\t<\/div>\n\t\t\t\t\t<\/div>\n\t\t<\/section>\n\t\t\t\t\t<\/div>\n\t\t<\/div>\n\t\t\t\t\t<\/div>\n\t\t<\/section>\n\t\t\t\t<section class=\"elementor-section elementor-top-section elementor-element elementor-element-edbc031 elementor-section-full_width elementor-section-height-default elementor-section-height-default\" data-id=\"edbc031\" data-element_type=\"section\" data-e-type=\"section\" data-settings=\"{&quot;background_background&quot;:&quot;classic&quot;}\">\n\t\t\t\t\t\t<div class=\"elementor-container elementor-column-gap-narrow\">\n\t\t\t\t\t<div class=\"elementor-column elementor-col-100 elementor-top-column elementor-element elementor-element-98a5608\" data-id=\"98a5608\" data-element_type=\"column\" data-e-type=\"column\">\n\t\t\t<div class=\"elementor-widget-wrap elementor-element-populated\">\n\t\t\t\t\t\t<div class=\"elementor-element elementor-element-a41d550 elementor-widget elementor-widget-elecgreen_brands\" data-id=\"a41d550\" data-element_type=\"widget\" data-e-type=\"widget\" data-widget_type=\"elecgreen_brands.default\">\n\t\t\t\t<div class=\"elementor-widget-container\">\n\t\t\t\t\t            <div class=\"widget-brand  carousel style-2\">\n                                    <div class=\"slick-carousel\" data-items=\"1\"  data-medium=\"3\" data-smallmedium=\"2\" data-extrasmall=\"2\" data-smallest=\"2\" data-pagination=\"false\" data-nav=\"true\" data-rows=\"1\" data-infinite=\"true\" data-autoplay=\"false\"  data-swipe=\"true\">\n                                                      \n                                    <div class=\"brand-item\">\n                                                                                    <img decoding=\"async\" src=\"https:\/\/www.importadoramundialferretera.com\/Inicio\/wp-content\/uploads\/2024\/07\/logos.jpg\" alt=\"\">\n                                                                            <\/div>\n                                                                        <\/div>\n                            <\/div>\n            \t\t\t\t<\/div>\n\t\t\t\t<\/div>\n\t\t\t\t\t<\/div>\n\t\t<\/div>\n\t\t\t\t\t<\/div>\n\t\t<\/section>\n\t\t\t\t<\/div>\n\t\t","protected":false},"excerpt":{"rendered":"<p>Historia Importadora Mundial Ferretera Fue fundada en 2003, dedicada a la Importaci\u00f3n y Distribucion de productos ferreteros. Importamos mercanc\u00eda de alta calidad,\u00a0 con el prop\u00f3sito de brindar m\u00e1s opciones dentro del mercado ferretero a nivel nacional. Contamos con la experiencia y trayectoria que su negocio necesita lo que nos convierte en un aliado estrategico de &hellip; <br \/><a href=\"https:\/\/www.importadoramundialferretera.com\/Inicio\/about\/\" class=\"more-link\">Continue reading <span class=\"screen-reader-text\">Nosotros<\/span><\/a><\/p>\n","protected":false},"author":1,"featured_media":0,"parent":0,"menu_order":0,"comment_status":"closed","ping_status":"closed","template":"","meta":{"_joinchat":[],"footnotes":""},"class_list":["post-91","page","type-page","status-publish","hentry"],"_links":{"self":[{"href":"https:\/\/www.importadoramundialferretera.com\/Inicio\/wp-json\/wp\/v2\/pages\/91","targetHints":{"allow":["GET"]}}],"collection":[{"href":"https:\/\/www.importadoramundialferretera.com\/Inicio\/wp-json\/wp\/v2\/pages"}],"about":[{"href":"https:\/\/www.importadoramundialferretera.com\/Inicio\/wp-json\/wp\/v2\/types\/page"}],"author":[{"embeddable":true,"href":"https:\/\/www.importadoramundialferretera.com\/Inicio\/wp-json\/wp\/v2\/users\/1"}],"replies":[{"embeddable":true,"href":"https:\/\/www.importadoramundialferretera.com\/Inicio\/wp-json\/wp\/v2\/comments?post=91"}],"version-history":[{"count":65,"href":"https:\/\/www.importadoramundialferretera.com\/Inicio\/wp-json\/wp\/v2\/pages\/91\/revisions"}],"predecessor-version":[{"id":17008,"href":"https:\/\/www.importadoramundialferretera.com\/Inicio\/wp-json\/wp\/v2\/pages\/91\/revisions\/17008"}],"wp:attachment":[{"href":"https:\/\/www.importadoramundialferretera.com\/Inicio\/wp-json\/wp\/v2\/media?parent=91"}],"curies":[{"name":"wp","href":"https:\/\/api.w.org\/{rel}","templated":true}]}}